{"id":28858,"date":"2024-02-12T13:45:32","date_gmt":"2024-02-12T11:45:32","guid":{"rendered":"https:\/\/www.melkerbaltik.eu\/shop\/Ei-luokiteltu\/mud-systems\/"},"modified":"2024-03-15T13:33:51","modified_gmt":"2024-03-15T11:33:51","slug":"sekoitinjarjestelmia","status":"publish","type":"product","link":"https:\/\/www.melkerbaltik.eu\/fi\/myym\u00e4l\u00e4\/kaivamattomat-tekniikkat\/suuntaporaus\/sekoitinjarjestelmia\/","title":{"rendered":"Sekoitinj\u00e4rjestelmi\u00e4"},"content":{"rendered":"<p>Tarjoamme laitteet mutasekoitukseen porauksessa yhti\u00f6lt\u00e4<\/p>\n<p>Universal Horizontal Directional Drilling (USA)<\/p>\n<p><img loading=\"lazy\" decoding=\"async\" class=\"alignnone size-full wp-image-28482\" src=\"https:\/\/www.melkerbaltik.eu\/wp-content\/uploads\/2024\/02\/Universal.jpg\" alt=\"\" width=\"322\" height=\"91\" srcset=\"https:\/\/www.melkerbaltik.eu\/wp-content\/uploads\/2024\/02\/Universal.jpg 322w, https:\/\/www.melkerbaltik.eu\/wp-content\/uploads\/2024\/02\/Universal-180x51.jpg 180w\" sizes=\"auto, (max-width: 322px) 100vw, 322px\" \/><\/p>\n<p><span style=\"color: #000000;\">Miksi Universal HDD?<\/span><\/p>\n<p><span style=\"color: #000000;\">Ero ei ala meist\u00e4. Se alkaa sinusta.<\/span><\/p>\n<p><span style=\"color: #000000;\">Se alkaa siit\u00e4, ett\u00e4 tied\u00e4t, mik\u00e4 on sinulle todella t\u00e4rke\u00e4\u00e4, ja tied\u00e4t tarkalleen, mit\u00e4 tarvitset ty\u00f6n tekemiseen. Kun ty\u00f6skentelet kanssamme, voit luottaa p\u00e4iv\u00e4st\u00e4 toiseen, osien ja huoltojen saaminen aikataulussasi ja parhaan vastineen saaminen rahoillesi ovat kaikki osa Universal HDD Difference -eroa. Kyse on standardien uudelleenm\u00e4\u00e4rityksest\u00e4, jotta voit keskitty\u00e4 edess\u00e4si oleviin t\u00f6ihin tulevina vuosina. Yksinkertaisesti sanottuna Universal HDD -laitteet tarjoavat enemm\u00e4n vakioominaisuuksia, enemm\u00e4n suorituskyky\u00e4, enemm\u00e4n takuuta ja enemm\u00e4n tyytyv\u00e4isyytt\u00e4 pienemm\u00e4ll\u00e4 rahalla kuin muut merkit.<\/span><\/p>\n<p><strong><span style=\"color: #000000;\">Kompaktit mutasekoittimet<\/span><\/strong><\/p>\n<p><span style=\"color: #000000;\">Unimix 13.0<\/span><\/p>\n<p><img loading=\"lazy\" decoding=\"async\" class=\"alignnone size-full wp-image-28491\" src=\"https:\/\/www.melkerbaltik.eu\/wp-content\/uploads\/2024\/02\/Unimix13.1.jpg\" alt=\"\" width=\"876\" height=\"846\" srcset=\"https:\/\/www.melkerbaltik.eu\/wp-content\/uploads\/2024\/02\/Unimix13.1.jpg 876w, https:\/\/www.melkerbaltik.eu\/wp-content\/uploads\/2024\/02\/Unimix13.1-108x104.jpg 108w, https:\/\/www.melkerbaltik.eu\/wp-content\/uploads\/2024\/02\/Unimix13.1-768x742.jpg 768w, https:\/\/www.melkerbaltik.eu\/wp-content\/uploads\/2024\/02\/Unimix13.1-600x579.jpg 600w\" sizes=\"auto, (max-width: 876px) 100vw, 876px\" \/><\/p>\n<p><img loading=\"lazy\" decoding=\"async\" class=\"alignnone wp-image-28893 size-full\" src=\"https:\/\/www.melkerbaltik.eu\/wp-content\/uploads\/2024\/03\/Unimix-13.0-1.jpg\" alt=\"\" width=\"930\" height=\"682\" srcset=\"https:\/\/www.melkerbaltik.eu\/wp-content\/uploads\/2024\/03\/Unimix-13.0-1.jpg 930w, https:\/\/www.melkerbaltik.eu\/wp-content\/uploads\/2024\/03\/Unimix-13.0-1-142x104.jpg 142w, https:\/\/www.melkerbaltik.eu\/wp-content\/uploads\/2024\/03\/Unimix-13.0-1-768x563.jpg 768w, https:\/\/www.melkerbaltik.eu\/wp-content\/uploads\/2024\/03\/Unimix-13.0-1-600x440.jpg 600w\" sizes=\"auto, (max-width: 930px) 100vw, 930px\" \/><\/p>\n<p><span style=\"color: #000000;\">Unimix 24.0<\/span><\/p>\n<p><img loading=\"lazy\" decoding=\"async\" class=\"alignnone size-full wp-image-28495\" src=\"https:\/\/www.melkerbaltik.eu\/wp-content\/uploads\/2024\/02\/Unimix24.jpg\" alt=\"\" width=\"781\" height=\"708\" srcset=\"https:\/\/www.melkerbaltik.eu\/wp-content\/uploads\/2024\/02\/Unimix24.jpg 781w, https:\/\/www.melkerbaltik.eu\/wp-content\/uploads\/2024\/02\/Unimix24-115x104.jpg 115w, https:\/\/www.melkerbaltik.eu\/wp-content\/uploads\/2024\/02\/Unimix24-768x696.jpg 768w, https:\/\/www.melkerbaltik.eu\/wp-content\/uploads\/2024\/02\/Unimix24-600x544.jpg 600w\" sizes=\"auto, (max-width: 781px) 100vw, 781px\" \/><img loading=\"lazy\" decoding=\"async\" class=\"alignnone wp-image-28897 size-full\" src=\"https:\/\/www.melkerbaltik.eu\/wp-content\/uploads\/2024\/03\/Unimix-24.0-1.jpg\" alt=\"\" width=\"933\" height=\"682\" srcset=\"https:\/\/www.melkerbaltik.eu\/wp-content\/uploads\/2024\/03\/Unimix-24.0-1.jpg 933w, https:\/\/www.melkerbaltik.eu\/wp-content\/uploads\/2024\/03\/Unimix-24.0-1-142x104.jpg 142w, https:\/\/www.melkerbaltik.eu\/wp-content\/uploads\/2024\/03\/Unimix-24.0-1-768x561.jpg 768w, https:\/\/www.melkerbaltik.eu\/wp-content\/uploads\/2024\/03\/Unimix-24.0-1-600x439.jpg 600w\" sizes=\"auto, (max-width: 933px) 100vw, 933px\" \/><\/p>\n<p><span style=\"color: #000000;\"><strong>Seoss\u00e4ili\u00f6t<\/strong><\/span><\/p>\n<p><img loading=\"lazy\" decoding=\"async\" class=\"alignnone size-full wp-image-28511\" src=\"https:\/\/www.melkerbaltik.eu\/wp-content\/uploads\/2024\/02\/Unitank-500R.jpg\" alt=\"\" width=\"814\" height=\"574\" srcset=\"https:\/\/www.melkerbaltik.eu\/wp-content\/uploads\/2024\/02\/Unitank-500R.jpg 814w, https:\/\/www.melkerbaltik.eu\/wp-content\/uploads\/2024\/02\/Unitank-500R-147x104.jpg 147w, https:\/\/www.melkerbaltik.eu\/wp-content\/uploads\/2024\/02\/Unitank-500R-768x542.jpg 768w, https:\/\/www.melkerbaltik.eu\/wp-content\/uploads\/2024\/02\/Unitank-500R-600x423.jpg 600w\" sizes=\"auto, (max-width: 814px) 100vw, 814px\" \/><\/p>\n<p><img loading=\"lazy\" decoding=\"async\" class=\"alignnone wp-image-28901 size-full\" src=\"https:\/\/www.melkerbaltik.eu\/wp-content\/uploads\/2024\/03\/Unitank-R-1.jpg\" alt=\"\" width=\"1078\" height=\"817\" srcset=\"https:\/\/www.melkerbaltik.eu\/wp-content\/uploads\/2024\/03\/Unitank-R-1.jpg 1078w, https:\/\/www.melkerbaltik.eu\/wp-content\/uploads\/2024\/03\/Unitank-R-1-137x104.jpg 137w, https:\/\/www.melkerbaltik.eu\/wp-content\/uploads\/2024\/03\/Unitank-R-1-1024x776.jpg 1024w, https:\/\/www.melkerbaltik.eu\/wp-content\/uploads\/2024\/03\/Unitank-R-1-768x582.jpg 768w, https:\/\/www.melkerbaltik.eu\/wp-content\/uploads\/2024\/03\/Unitank-R-1-600x455.jpg 600w\" sizes=\"auto, (max-width: 1078px) 100vw, 1078px\" \/><\/p>\n<p><img loading=\"lazy\" decoding=\"async\" class=\"alignnone size-full wp-image-28515\" src=\"https:\/\/www.melkerbaltik.eu\/wp-content\/uploads\/2024\/02\/Unitank-750.jpg\" alt=\"\" width=\"702\" height=\"489\" srcset=\"https:\/\/www.melkerbaltik.eu\/wp-content\/uploads\/2024\/02\/Unitank-750.jpg 702w, https:\/\/www.melkerbaltik.eu\/wp-content\/uploads\/2024\/02\/Unitank-750-149x104.jpg 149w, https:\/\/www.melkerbaltik.eu\/wp-content\/uploads\/2024\/02\/Unitank-750-600x418.jpg 600w\" sizes=\"auto, (max-width: 702px) 100vw, 702px\" \/><\/p>\n<p><img loading=\"lazy\" decoding=\"async\" class=\"alignnone wp-image-28905 size-full\" src=\"https:\/\/www.melkerbaltik.eu\/wp-content\/uploads\/2024\/03\/Unitank-1.jpg\" alt=\"\" width=\"1075\" height=\"811\" srcset=\"https:\/\/www.melkerbaltik.eu\/wp-content\/uploads\/2024\/03\/Unitank-1.jpg 1075w, https:\/\/www.melkerbaltik.eu\/wp-content\/uploads\/2024\/03\/Unitank-1-138x104.jpg 138w, https:\/\/www.melkerbaltik.eu\/wp-content\/uploads\/2024\/03\/Unitank-1-1024x773.jpg 1024w, https:\/\/www.melkerbaltik.eu\/wp-content\/uploads\/2024\/03\/Unitank-1-768x579.jpg 768w, https:\/\/www.melkerbaltik.eu\/wp-content\/uploads\/2024\/03\/Unitank-1-600x453.jpg 600w\" sizes=\"auto, (max-width: 1075px) 100vw, 1075px\" \/><\/p>\n<ul>\n<li><span style=\"color: #000000;\">Ota yhteytt\u00e4 saadaksesi lis\u00e4tietoja<\/span><\/li>\n<\/ul>\n","protected":false},"excerpt":{"rendered":"<p>Tarjoamme laitteet mutasekoitukseen porauksessa yhti\u00f6lt\u00e4 Universal Horizontal Directional Drilling (USA) Miksi Universal HDD? Ero ei ala meist\u00e4. Se alkaa sinusta. Se alkaa siit\u00e4, ett\u00e4 tied\u00e4t, mik\u00e4 on sinulle todella t\u00e4rke\u00e4\u00e4, ja tied\u00e4t tarkalleen, mit\u00e4 tarvitset ty\u00f6n tekemiseen. Kun ty\u00f6skentelet kanssamme, voit luottaa p\u00e4iv\u00e4st\u00e4 toiseen, osien ja huoltojen saaminen aikataulussasi ja parhaan vastineen saaminen rahoillesi ovat&#8230;<\/p>\n","protected":false},"featured_media":28446,"template":"","meta":{"_acf_changed":false},"product_brand":[],"product_cat":[96,95],"product_tag":[1592],"class_list":{"0":"post-28858","1":"product","2":"type-product","3":"status-publish","4":"has-post-thumbnail","6":"product_cat-kaivamattomat-tekniikkat","7":"product_cat-suuntaporaus","8":"product_tag-puurimine-fi","9":"product_shipping_class-uncategorized-fi","11":"first","12":"instock","13":"product-type-simple"},"acf":[],"_links":{"self":[{"href":"https:\/\/www.melkerbaltik.eu\/fi\/wp-json\/wp\/v2\/product\/28858","targetHints":{"allow":["GET"]}}],"collection":[{"href":"https:\/\/www.melkerbaltik.eu\/fi\/wp-json\/wp\/v2\/product"}],"about":[{"href":"https:\/\/www.melkerbaltik.eu\/fi\/wp-json\/wp\/v2\/types\/product"}],"wp:featuredmedia":[{"embeddable":true,"href":"https:\/\/www.melkerbaltik.eu\/fi\/wp-json\/wp\/v2\/media\/28446"}],"wp:attachment":[{"href":"https:\/\/www.melkerbaltik.eu\/fi\/wp-json\/wp\/v2\/media?parent=28858"}],"wp:term":[{"taxonomy":"product_brand","embeddable":true,"href":"https:\/\/www.melkerbaltik.eu\/fi\/wp-json\/wp\/v2\/product_brand?post=28858"},{"taxonomy":"product_cat","embeddable":true,"href":"https:\/\/www.melkerbaltik.eu\/fi\/wp-json\/wp\/v2\/product_cat?post=28858"},{"taxonomy":"product_tag","embeddable":true,"href":"https:\/\/www.melkerbaltik.eu\/fi\/wp-json\/wp\/v2\/product_tag?post=28858"}],"curies":[{"name":"wp","href":"https:\/\/api.w.org\/{rel}","templated":true}]}}