{"id":28110,"date":"2019-02-25T17:08:45","date_gmt":"2019-02-25T15:08:45","guid":{"rendered":"https:\/\/www.melkerbaltik.eu\/shop\/Ei-luokiteltu\/terra-jack-125\/"},"modified":"2024-01-11T13:05:02","modified_gmt":"2024-01-11T11:05:02","slug":"terra-jack-125","status":"publish","type":"product","link":"https:\/\/www.melkerbaltik.eu\/fi\/myym\u00e4l\u00e4\/kaivamattomat-tekniikkat\/suuntaporaus\/terra-jack-125\/","title":{"rendered":"TERRA-JACK 125"},"content":{"rendered":"<p><strong>TERRA-JACK 125 Rod Pusher<\/strong><\/p>\n<p>I<span style=\"color: #000000;\">hanteellinen ty\u00f6kalu taloliit\u00e4nt\u00f6jen tekemiseen.<\/span><\/p>\n<p><span style=\"color: #000000;\">Yksinkertainen kuin ilmamooli, tarkka kuin suuntaporaus.<\/span><\/p>\n<p><span style=\"color: #000000;\">Porausnestett\u00e4 ei tarvita.<\/span><\/p>\n<p><span style=\"color: #000000;\">Soveltuu enint\u00e4\u00e4n 110 mm:n putkien ja kaapeleiden asennukseen, joiden pituus on enint\u00e4\u00e4n 30 metri\u00e4 (riippuen maaper\u00e4n olosuhteista).<\/span><\/p>\n<p><span style=\"color: #000000;\">Tankojen taivutuss\u00e4de on 25 m.<\/span><\/p>\n<p><span style=\"color: #000000;\">Erityinen sein\u00e4adapteri mahdollistaa porauksen kellarista tai \u00d8 800 mm kaivosta.<\/span><\/p>\n<p><a ref=\"magnificPopup\" href=\"https:\/\/www.melkerbaltik.eu\/wp-content\/uploads\/2019\/02\/Table26.1.png\"><img loading=\"lazy\" decoding=\"async\" class=\"alignnone size-full wp-image-1855\" src=\"https:\/\/www.melkerbaltik.eu\/wp-content\/uploads\/2019\/02\/Table26.1.png\" alt=\"\" width=\"843\" height=\"355\" srcset=\"https:\/\/www.melkerbaltik.eu\/wp-content\/uploads\/2019\/02\/Table26.1.png 843w, https:\/\/www.melkerbaltik.eu\/wp-content\/uploads\/2019\/02\/Table26.1-600x253.png 600w, https:\/\/www.melkerbaltik.eu\/wp-content\/uploads\/2019\/02\/Table26.1-180x76.png 180w, https:\/\/www.melkerbaltik.eu\/wp-content\/uploads\/2019\/02\/Table26.1-768x323.png 768w\" sizes=\"auto, (max-width: 843px) 100vw, 843px\" \/><\/a><a><img class=\"alignnone\" \/><\/a><\/p>\n<p><span style=\"color: #000000;\"><strong>Voimalaitos<\/strong><\/span><\/p>\n<ul>\n<li><span style=\"color: #000000;\">Bensiinimoottori s\u00e4hk\u00f6k\u00e4ynnistimell\u00e4 15 HJ (11,4 kW)<\/span><\/li>\n<li><span style=\"color: #000000;\">Pumpun tuottavuus: 23 l\/min @ 190 bar<\/span><\/li>\n<li><span style=\"color: #000000;\">Hydrauli\u00f6ljys\u00e4ili\u00f6: 30 l<\/span><\/li>\n<li><span style=\"color: #000000;\">Mitat: P x L x K = 820 x 600 x 500 mm\u00a0<\/span><\/li>\n<li><span style=\"color: #000000;\">Paino: 118 kg (sis\u00e4lt\u00e4\u00e4 \u00f6ljyt ja polttoaineen)<\/span><\/li>\n<\/ul>\n","protected":false},"excerpt":{"rendered":"<p>TERRA-JACK 125 Rod Pusher Ihanteellinen ty\u00f6kalu taloliit\u00e4nt\u00f6jen tekemiseen. Yksinkertainen kuin ilmamooli, tarkka kuin suuntaporaus. Porausnestett\u00e4 ei tarvita. Soveltuu enint\u00e4\u00e4n 110 mm:n putkien ja kaapeleiden asennukseen, joiden pituus on enint\u00e4\u00e4n 30 metri\u00e4 (riippuen maaper\u00e4n olosuhteista). Tankojen taivutuss\u00e4de on 25 m. Erityinen sein\u00e4adapteri mahdollistaa porauksen kellarista tai \u00d8 800 mm kaivosta. Voimalaitos Bensiinimoottori s\u00e4hk\u00f6k\u00e4ynnistimell\u00e4 15 HJ (11,4&#8230;<\/p>\n","protected":false},"featured_media":1795,"template":"","meta":{"_acf_changed":false},"product_brand":[],"product_cat":[96,95],"product_tag":[],"class_list":{"0":"post-28110","1":"product","2":"type-product","3":"status-publish","4":"has-post-thumbnail","6":"product_cat-kaivamattomat-tekniikkat","7":"product_cat-suuntaporaus","9":"first","10":"instock","11":"shipping-taxable","12":"product-type-simple"},"acf":[],"_links":{"self":[{"href":"https:\/\/www.melkerbaltik.eu\/fi\/wp-json\/wp\/v2\/product\/28110","targetHints":{"allow":["GET"]}}],"collection":[{"href":"https:\/\/www.melkerbaltik.eu\/fi\/wp-json\/wp\/v2\/product"}],"about":[{"href":"https:\/\/www.melkerbaltik.eu\/fi\/wp-json\/wp\/v2\/types\/product"}],"wp:featuredmedia":[{"embeddable":true,"href":"https:\/\/www.melkerbaltik.eu\/fi\/wp-json\/wp\/v2\/media\/1795"}],"wp:attachment":[{"href":"https:\/\/www.melkerbaltik.eu\/fi\/wp-json\/wp\/v2\/media?parent=28110"}],"wp:term":[{"taxonomy":"product_brand","embeddable":true,"href":"https:\/\/www.melkerbaltik.eu\/fi\/wp-json\/wp\/v2\/product_brand?post=28110"},{"taxonomy":"product_cat","embeddable":true,"href":"https:\/\/www.melkerbaltik.eu\/fi\/wp-json\/wp\/v2\/product_cat?post=28110"},{"taxonomy":"product_tag","embeddable":true,"href":"https:\/\/www.melkerbaltik.eu\/fi\/wp-json\/wp\/v2\/product_tag?post=28110"}],"curies":[{"name":"wp","href":"https:\/\/api.w.org\/{rel}","templated":true}]}}