{"id":28108,"date":"2019-02-25T17:16:02","date_gmt":"2019-02-25T15:16:02","guid":{"rendered":"https:\/\/www.melkerbaltik.eu\/shop\/Ei-luokiteltu\/terra-mini-jet-mj-1400\/"},"modified":"2024-01-26T12:08:20","modified_gmt":"2024-01-26T10:08:20","slug":"terra-mini-jet-mj-1400","status":"publish","type":"product","link":"https:\/\/www.melkerbaltik.eu\/fi\/myym\u00e4l\u00e4\/kaivamattomat-tekniikkat\/suuntaporaus\/terra-mini-jet-mj-1400\/","title":{"rendered":"TERRA MINI-JET MJ 1400"},"content":{"rendered":"<p><strong>TERRA MINI-JET MJ 1400<\/strong><\/p>\n<p><span style=\"color: #000000;\">Kaivonton asennettava vaakaporauslaite TERRA MINI-JET veto\/ty\u00f6nt\u00f6voimalla 4-6 tonnia<\/span><\/p>\n<p><span style=\"color: #000000;\">Voimalaitos VANGUARD bensiinimoottorilla 18 hv (13,5 kW)<\/span><br \/>\n<span style=\"color: #000000;\">\u2022 \u00d6ljyn tuottavuus 40 l\/min paineella 175 bar.<\/span><\/p>\n<p><span style=\"color: #000000;\">Sekoitusyksikk\u00f6 porausseoksen valmistukseen ja pumppaamiseen<\/span><br \/>\n<span style=\"color: #000000;\">\u2022 Kaksi HONDA-bensiinimoottoria<\/span><br \/>\n<span style=\"color: #000000;\">\u2022 S\u00e4ili\u00f6n tilavuus 1&#8217;100 l<\/span><br \/>\n<span style=\"color: #000000;\">\u2022 Sekoituspumppu pystyy imem\u00e4\u00e4n vett\u00e4 l\u00e4heisist\u00e4 vesist\u00f6ist\u00e4<\/span><br \/>\n<span style=\"color: #000000;\">\u2022 Bentoniittipumpun tuottavuus: 45 l\/min, paine 55 bar (800 psi)<\/span><\/p>\n<p><a ref=\"magnificPopup\" href=\"https:\/\/www.melkerbaltik.eu\/wp-content\/uploads\/2019\/02\/Table26.2.png\"><img loading=\"lazy\" decoding=\"async\" class=\"alignnone size-full wp-image-1861\" src=\"https:\/\/www.melkerbaltik.eu\/wp-content\/uploads\/2019\/02\/Table26.2.png\" alt=\"\" width=\"775\" height=\"582\" srcset=\"https:\/\/www.melkerbaltik.eu\/wp-content\/uploads\/2019\/02\/Table26.2.png 775w, https:\/\/www.melkerbaltik.eu\/wp-content\/uploads\/2019\/02\/Table26.2-600x451.png 600w, https:\/\/www.melkerbaltik.eu\/wp-content\/uploads\/2019\/02\/Table26.2-138x104.png 138w, https:\/\/www.melkerbaltik.eu\/wp-content\/uploads\/2019\/02\/Table26.2-768x577.png 768w\" sizes=\"auto, (max-width: 775px) 100vw, 775px\" \/><\/a><\/p>\n","protected":false},"excerpt":{"rendered":"<p>TERRA MINI-JET MJ 1400 Kaivonton asennettava vaakaporauslaite TERRA MINI-JET veto\/ty\u00f6nt\u00f6voimalla 4-6 tonnia Voimalaitos VANGUARD bensiinimoottorilla 18 hv (13,5 kW) \u2022 \u00d6ljyn tuottavuus 40 l\/min paineella 175 bar. Sekoitusyksikk\u00f6 porausseoksen valmistukseen ja pumppaamiseen \u2022 Kaksi HONDA-bensiinimoottoria \u2022 S\u00e4ili\u00f6n tilavuus 1&#8217;100 l \u2022 Sekoituspumppu pystyy imem\u00e4\u00e4n vett\u00e4 l\u00e4heisist\u00e4 vesist\u00f6ist\u00e4 \u2022 Bentoniittipumpun tuottavuus: 45 l\/min, paine 55 bar&#8230;<\/p>\n","protected":false},"featured_media":1820,"template":"","meta":{"_acf_changed":false},"product_brand":[],"product_cat":[96,95],"product_tag":[],"class_list":{"0":"post-28108","1":"product","2":"type-product","3":"status-publish","4":"has-post-thumbnail","6":"product_cat-kaivamattomat-tekniikkat","7":"product_cat-suuntaporaus","9":"first","10":"instock","11":"shipping-taxable","12":"product-type-simple"},"acf":[],"_links":{"self":[{"href":"https:\/\/www.melkerbaltik.eu\/fi\/wp-json\/wp\/v2\/product\/28108","targetHints":{"allow":["GET"]}}],"collection":[{"href":"https:\/\/www.melkerbaltik.eu\/fi\/wp-json\/wp\/v2\/product"}],"about":[{"href":"https:\/\/www.melkerbaltik.eu\/fi\/wp-json\/wp\/v2\/types\/product"}],"wp:featuredmedia":[{"embeddable":true,"href":"https:\/\/www.melkerbaltik.eu\/fi\/wp-json\/wp\/v2\/media\/1820"}],"wp:attachment":[{"href":"https:\/\/www.melkerbaltik.eu\/fi\/wp-json\/wp\/v2\/media?parent=28108"}],"wp:term":[{"taxonomy":"product_brand","embeddable":true,"href":"https:\/\/www.melkerbaltik.eu\/fi\/wp-json\/wp\/v2\/product_brand?post=28108"},{"taxonomy":"product_cat","embeddable":true,"href":"https:\/\/www.melkerbaltik.eu\/fi\/wp-json\/wp\/v2\/product_cat?post=28108"},{"taxonomy":"product_tag","embeddable":true,"href":"https:\/\/www.melkerbaltik.eu\/fi\/wp-json\/wp\/v2\/product_tag?post=28108"}],"curies":[{"name":"wp","href":"https:\/\/api.w.org\/{rel}","templated":true}]}}