{"id":28107,"date":"2018-10-23T15:10:05","date_gmt":"2018-10-23T12:10:05","guid":{"rendered":"https:\/\/www.melkerbaltik.eu\/shop\/Ei-luokiteltu\/rod-grease\/"},"modified":"2024-01-05T12:20:09","modified_gmt":"2024-01-05T10:20:09","slug":"rod-grease","status":"publish","type":"product","link":"https:\/\/www.melkerbaltik.eu\/fi\/myym\u00e4l\u00e4\/kaivamattomat-tekniikkat\/suuntaporaus\/rod-grease\/","title":{"rendered":"Porausvoiteluaineet"},"content":{"rendered":"<p><strong>HDD Manual \/ Auto<\/strong><\/p>\n<p>Laadukas kierrevoiteluaine. Voidaan k\u00e4ytt\u00e4\u00e4 vaikeimmissakin porausolosuhteissa. Auttaa liitosten kokoamisessa ja purkamisessa. Tarttuu erinomaisesti pintaan ja poistaa ruostetta. Voiteluaine kest\u00e4\u00e4 korroosiota ja vett\u00e4. Automaattisten ja manuaalisten kierteiden voiteluaineet eiv\u00e4t sis\u00e4ll\u00e4 lyijy\u00e4. Sis\u00e4lt\u00e4\u00e4 kuparihiutaleita, grafiittia ja ruostetta sek\u00e4 korroosionestoaineita. Voiteluaine sis\u00e4lt\u00e4\u00e4 antioksidantteja sek\u00e4 korkeapaine- ja kulumista est\u00e4vi\u00e4 lis\u00e4aineita. HDD Autolube k\u00e4ytt\u00e4\u00e4 erikois\u00f6ljy\u00e4, joka soveltuu eritt\u00e4in alhaisiin l\u00e4mp\u00f6tiloihin. Voiteluaineet tarttuvat eritt\u00e4in hyvin m\u00e4rkiin ter\u00e4spintoihin, eiv\u00e4tk\u00e4 ne pese pois vedell\u00e4.<\/p>\n<p>K\u00e4ytt\u00f6l\u00e4mp\u00f6tilat:<br \/>\nAutolube: -47\u00b0C &#8211; +149\u00b0C,<br \/>\nManual: -18\u00b0C &#8211; +232\u00b0C<\/p>\n<p>HDD Autolube on suunniteltu automaattisiin voiteluj\u00e4rjestelmiin. HDD Manual on suunniteltu voiteluaineen manuaaliseen levitykseen.<\/p>\n<p><a ref=\"magnificPopup\" href=\"https:\/\/www.melkerbaltik.eu\/wp-content\/uploads\/2023\/11\/HDD-new.jpg\"><img loading=\"lazy\" decoding=\"async\" class=\"alignnone wp-image-27806 size-full\" src=\"https:\/\/www.melkerbaltik.eu\/wp-content\/uploads\/2023\/11\/HDD-new.jpg\" alt=\"\" width=\"1243\" height=\"693\" srcset=\"https:\/\/www.melkerbaltik.eu\/wp-content\/uploads\/2023\/11\/HDD-new.jpg 1243w, https:\/\/www.melkerbaltik.eu\/wp-content\/uploads\/2023\/11\/HDD-new-600x335.jpg 600w, https:\/\/www.melkerbaltik.eu\/wp-content\/uploads\/2023\/11\/HDD-new-180x100.jpg 180w, https:\/\/www.melkerbaltik.eu\/wp-content\/uploads\/2023\/11\/HDD-new-1024x571.jpg 1024w, https:\/\/www.melkerbaltik.eu\/wp-content\/uploads\/2023\/11\/HDD-new-768x428.jpg 768w\" sizes=\"auto, (max-width: 1243px) 100vw, 1243px\" \/><\/a><\/p>\n<p>Tuotteen lis\u00e4tiedot: <a href=\"https:\/\/www.melkerbaltik.eu\/wp-content\/uploads\/2018\/10\/HDD_AUTO_MANUAL_TDS.pdf\" target=\"_blank\" rel=\"noopener\">Technical data sheet<\/a> ja <a href=\"https:\/\/www.melkerbaltik.eu\/wp-content\/uploads\/2018\/11\/HDD-AUTOLUBE_EU_CLP_SDS_English.pdf\" target=\"_blank\" rel=\"noopener\">Safety data sheet\u00a0<\/a><\/p>\n<p><strong>Coppercrest <\/strong><br \/>\nCoppercrest on ihanteellinen voiteluaine koneenosille, joiden on kestett\u00e4v\u00e4 korkeita l\u00e4mp\u00f6tiloja. Coppercrestill\u00e4 ei ole vertaansa l\u00e4mp\u00f6tilapalveluissa 982 \u00b0C:seen (1800 \u00b0F asti). Liittimet, jotka kuumennetaan kuumaksi ja annetaan j\u00e4\u00e4hty\u00e4, voidaan nopeasti purkaa ilman takertumista tai v\u00e4\u00e4ristymist\u00e4. Coppercresti\u00e4 suositellaan tuotanto- ja huoltot\u00f6ihin, joissa kokoamisen ja purkamisen nopeus on v\u00e4ltt\u00e4m\u00e4t\u00f6nt\u00e4.<\/p>\n<p><a ref=\"magnificPopup\" href=\"https:\/\/www.melkerbaltik.eu\/wp-content\/uploads\/2023\/11\/coppercrest-small.jpg\"><img loading=\"lazy\" decoding=\"async\" class=\"alignright wp-image-27800\" src=\"https:\/\/www.melkerbaltik.eu\/wp-content\/uploads\/2023\/11\/coppercrest-small.jpg\" alt=\"\" width=\"250\" height=\"194\" srcset=\"https:\/\/www.melkerbaltik.eu\/wp-content\/uploads\/2023\/11\/coppercrest-small.jpg 283w, https:\/\/www.melkerbaltik.eu\/wp-content\/uploads\/2023\/11\/coppercrest-small-134x104.jpg 134w\" sizes=\"auto, (max-width: 250px) 100vw, 250px\" \/><\/a><\/p>\n<ul>\n<li><span style=\"color: #000000;\">T\u00e4ytt\u00e4\u00e4 sotilaalliset standardit.<\/span><\/li>\n<li><span style=\"color: #000000;\">V\u00e4hent\u00e4\u00e4 kitkaa ja lis\u00e4\u00e4 iskunkestoa.<\/span><\/li>\n<li><span style=\"color: #000000;\">Tuotetta ei puristu kierteiden v\u00e4list\u00e4,<\/span><br \/>\n<span style=\"color: #000000;\">ei tartu yhteen eik\u00e4 pese pois.<\/span><\/li>\n<li><strong><span style=\"color: #000000;\">K\u00e4ytt\u00f6l\u00e4mp\u00f6tila: -54\u00b0C &#8211; 982\u00b0C<\/span><\/strong><\/li>\n<li><span style=\"color: #000000;\">Ei sis\u00e4ll\u00e4 sinkki\u00e4 ja lyijy\u00e4<\/span><\/li>\n<li><span style=\"color: #000000;\">V\u00e4hent\u00e4\u00e4 kierrekomponenttien kiristysmomenttia.<\/span><\/li>\n<li><span style=\"color: #000000;\">Ei juokse, tippu tai laskeudu.<\/span><\/li>\n<\/ul>\n<p>Tyypillinen k\u00e4ytt\u00f6:<\/p>\n<p>Kierteet, sytytystulppien kierteet, ruuvit, pultit, tapit, venttiilit, vetoakselit, l\u00e4mm\u00f6nvaihtimen pultit ja mutterit, sylinterinkannet, jakotukien istukat, liitokset uuneihin, kattiloihin ja turbiiniin jne.<\/p>\n<p>Tuotteen lis\u00e4tiedot: <a href=\"https:\/\/www.melkerbaltik.eu\/files\/COPPERCREST_TDS.pdf\" target=\"_blank\" rel=\"noopener\">Technical data sheet<\/a><\/p>\n<p><strong>Magic Wrench<\/strong><a ref=\"magnificPopup\" href=\"https:\/\/www.melkerbaltik.eu\/wp-content\/uploads\/2023\/11\/Magic-Wrench.jpg\"><img loading=\"lazy\" decoding=\"async\" class=\"alignright wp-image-27790\" src=\"https:\/\/www.melkerbaltik.eu\/wp-content\/uploads\/2023\/11\/Magic-Wrench.jpg\" alt=\"\" width=\"235\" height=\"575\" srcset=\"https:\/\/www.melkerbaltik.eu\/wp-content\/uploads\/2023\/11\/Magic-Wrench.jpg 345w, https:\/\/www.melkerbaltik.eu\/wp-content\/uploads\/2023\/11\/Magic-Wrench-43x104.jpg 43w\" sizes=\"auto, (max-width: 235px) 100vw, 235px\" \/><\/a><br \/>\nRuosteenpoistoaine. Erinomainen ty\u00f6kalu juuttuneiden tai ruostuneiden ruuvien ja pulttien irrottamiseen. Soveltuu ruosteisten\/jumittuneiden pulttien, muttereiden, sylinterien, akselien, saranoiden, lukkojen, putkien, ketjujen ja vastaavien osien liotukseen ja l\u00f6ys\u00e4\u00e4miseen. Hylkii kosteutta ja ehk\u00e4isee ruostetta.<\/p>\n<p>Edut<\/p>\n<ul>\n<li><span style=\"color: #000000;\">Tunkeutuu nopeasti<\/span><\/li>\n<li><span style=\"color: #000000;\">Synteettiset nesteet<\/span><\/li>\n<li><span style=\"color: #000000;\">Voitelee<\/span><\/li>\n<li><span style=\"color: #000000;\">Turvallinen metallille ja muoville<\/span><\/li>\n<li><span style=\"color: #000000;\">Matala VOC-kaava<\/span><\/li>\n<li><span style=\"color: #000000;\">Silikonitonta<\/span><\/li>\n<li><span style=\"color: #000000;\">Otsoniturvallinen<\/span><\/li>\n<li><span style=\"color: #000000;\">Syttym\u00e4t\u00f6n<\/span><\/li>\n<li><span style=\"color: #000000;\">Ei haihtuva<\/span><\/li>\n<\/ul>\n<p>Erinomainen sek\u00e4 elintarvikelaatuisiin ett\u00e4 muihin kuin elintarvikelaatuisiin sovelluksiin.<\/p>\n<p>V\u00e4h\u00e4haihtuvien orgaanisten komponenttien kaava takaa ymp\u00e4rist\u00f6yst\u00e4v\u00e4llisen tuotteen lis\u00e4ksi enemm\u00e4n aktiivisia ainesosia tuotteen suorituskyvyn parantamiseksi.<\/p>\n<p>Tuotteen lis\u00e4tiedot: <a href=\"https:\/\/www.melkerbaltik.eu\/files\/Magic+Wrench+Aerosol_TDS_English.pdf\" target=\"_blank\" rel=\"noopener\">Technical data sheet<\/a> ja <a href=\"https:\/\/www.melkerbaltik.eu\/files\/UTF-8''MAGIC+WRENCH(R)+AEROSOL%20SDS%20EU%20en(uk).pdf\" target=\"_blank\" rel=\"noopener\">Safety data sheet\u00a0<\/a><\/p>\n","protected":false},"excerpt":{"rendered":"<p>HDD Manual \/ Auto Laadukas kierrevoiteluaine. Voidaan k\u00e4ytt\u00e4\u00e4 vaikeimmissakin porausolosuhteissa. Auttaa liitosten kokoamisessa ja purkamisessa. Tarttuu erinomaisesti pintaan ja poistaa ruostetta. Voiteluaine kest\u00e4\u00e4 korroosiota ja vett\u00e4. Automaattisten ja manuaalisten kierteiden voiteluaineet eiv\u00e4t sis\u00e4ll\u00e4 lyijy\u00e4. Sis\u00e4lt\u00e4\u00e4 kuparihiutaleita, grafiittia ja ruostetta sek\u00e4 korroosionestoaineita. Voiteluaine sis\u00e4lt\u00e4\u00e4 antioksidantteja sek\u00e4 korkeapaine- ja kulumista est\u00e4vi\u00e4 lis\u00e4aineita. HDD Autolube k\u00e4ytt\u00e4\u00e4 erikois\u00f6ljy\u00e4, joka&#8230;<\/p>\n","protected":false},"featured_media":11292,"template":"","meta":{"_acf_changed":false},"product_brand":[],"product_cat":[96,95],"product_tag":[],"class_list":{"0":"post-28107","1":"product","2":"type-product","3":"status-publish","4":"has-post-thumbnail","6":"product_cat-kaivamattomat-tekniikkat","7":"product_cat-suuntaporaus","8":"product_shipping_class-uncategorized-fi","10":"first","11":"instock","12":"product-type-simple"},"acf":[],"_links":{"self":[{"href":"https:\/\/www.melkerbaltik.eu\/fi\/wp-json\/wp\/v2\/product\/28107","targetHints":{"allow":["GET"]}}],"collection":[{"href":"https:\/\/www.melkerbaltik.eu\/fi\/wp-json\/wp\/v2\/product"}],"about":[{"href":"https:\/\/www.melkerbaltik.eu\/fi\/wp-json\/wp\/v2\/types\/product"}],"wp:featuredmedia":[{"embeddable":true,"href":"https:\/\/www.melkerbaltik.eu\/fi\/wp-json\/wp\/v2\/media\/11292"}],"wp:attachment":[{"href":"https:\/\/www.melkerbaltik.eu\/fi\/wp-json\/wp\/v2\/media?parent=28107"}],"wp:term":[{"taxonomy":"product_brand","embeddable":true,"href":"https:\/\/www.melkerbaltik.eu\/fi\/wp-json\/wp\/v2\/product_brand?post=28107"},{"taxonomy":"product_cat","embeddable":true,"href":"https:\/\/www.melkerbaltik.eu\/fi\/wp-json\/wp\/v2\/product_cat?post=28107"},{"taxonomy":"product_tag","embeddable":true,"href":"https:\/\/www.melkerbaltik.eu\/fi\/wp-json\/wp\/v2\/product_tag?post=28107"}],"curies":[{"name":"wp","href":"https:\/\/api.w.org\/{rel}","templated":true}]}}