{"id":28105,"date":"2018-10-23T15:10:05","date_gmt":"2018-10-23T12:10:05","guid":{"rendered":"https:\/\/www.melkerbaltik.eu\/shop\/Ei-luokiteltu\/location-system\/"},"modified":"2024-01-04T14:43:07","modified_gmt":"2024-01-04T12:43:07","slug":"location-system","status":"publish","type":"product","link":"https:\/\/www.melkerbaltik.eu\/fi\/myym\u00e4l\u00e4\/kaivamattomat-tekniikkat\/suuntaporaus\/location-system\/","title":{"rendered":"Sijaintij\u00e4rjestelm\u00e4"},"content":{"rendered":"<h6><strong>L\u00e4hettimet (Sondid)<\/strong><\/h6>\n<p><span style=\"color: #000000;\">DigiTrak\u00ae-l\u00e4hettimet l\u00e4hett\u00e4v\u00e4t kaltevuus-, kallistus-, syvyys- ja l\u00e4mp\u00f6tilatietoja vastaanottimiimme.<\/span><br \/>\n<span style=\"color: #000000;\">F5-l\u00e4hettimet ovat sinisi\u00e4 ja niiss\u00e4 on 24-asentoisella kellolla l\u00e4hetetty rulladata. F5-l\u00e4hettimet toimivat vain F5-j\u00e4rjestelmien kanssa. Mutta F5-j\u00e4rjestelm\u00e4ss\u00e4 voidaan k\u00e4ytt\u00e4\u00e4 my\u00f6s F-sarjan l\u00e4hettimi\u00e4.<\/span><\/p>\n<p><a ref=\"magnificPopup\" href=\"https:\/\/www.melkerbaltik.eu\/wp-content\/uploads\/2023\/11\/zonde-en.jpg\"><img loading=\"lazy\" decoding=\"async\" class=\"alignnone wp-image-27815 size-full\" src=\"https:\/\/www.melkerbaltik.eu\/wp-content\/uploads\/2023\/11\/zonde-en.jpg\" alt=\"\" width=\"991\" height=\"724\" srcset=\"https:\/\/www.melkerbaltik.eu\/wp-content\/uploads\/2023\/11\/zonde-en.jpg 991w, https:\/\/www.melkerbaltik.eu\/wp-content\/uploads\/2023\/11\/zonde-en-600x438.jpg 600w, https:\/\/www.melkerbaltik.eu\/wp-content\/uploads\/2023\/11\/zonde-en-142x104.jpg 142w, https:\/\/www.melkerbaltik.eu\/wp-content\/uploads\/2023\/11\/zonde-en-768x561.jpg 768w\" sizes=\"auto, (max-width: 991px) 100vw, 991px\" \/><\/a><\/p>\n<h6><strong>Vastaanottimet<\/strong><\/h6>\n<p><span style=\"color: #000000;\">Kun ty\u00f6maista tulee yh\u00e4 monimutkaisempia, h\u00e4iri\u00f6ist\u00e4 on tullut yksi vaakasuora suuntaporauksen suurimmista esteist\u00e4. Falcon-teknologia auttaa miehist\u00f6j\u00e4 voittamaan sek\u00e4 passiiviset ett\u00e4 aktiiviset h\u00e4iri\u00f6t kullekin projektille r\u00e4\u00e4t\u00e4l\u00f6ityjen taajuuksien avulla.<\/span> <span style=\"color: #ffffff;\">DigiTrak Falcon F5+, DigiTrak Falcon F2+, DigiTrak Falcon F1.<\/span><\/p>\n<p><a ref=\"magnificPopup\" href=\"https:\/\/www.melkerbaltik.eu\/wp-content\/uploads\/2018\/10\/Table28.2.png\"><img loading=\"lazy\" decoding=\"async\" class=\"alignnone size-full wp-image-16344\" src=\"https:\/\/www.melkerbaltik.eu\/wp-content\/uploads\/2018\/10\/Table28.2.png\" alt=\"\" width=\"594\" height=\"292\" srcset=\"https:\/\/www.melkerbaltik.eu\/wp-content\/uploads\/2018\/10\/Table28.2.png 594w, https:\/\/www.melkerbaltik.eu\/wp-content\/uploads\/2018\/10\/Table28.2-180x88.png 180w\" sizes=\"auto, (max-width: 594px) 100vw, 594px\" \/><\/a><\/p>\n<p>DigiTrak Falcon F5 lis\u00e4tiedot: <a href=\"https:\/\/digital-control.com\/receivers\/digitrak-falcon-f5-1\">https:\/\/digital-control.com\/receivers\/digitrak-falcon-f5-1<\/a><\/p>\n<p><a ref=\"magnificPopup\" href=\"https:\/\/www.melkerbaltik.eu\/wp-content\/uploads\/2018\/10\/Table28.3.png\"><img loading=\"lazy\" decoding=\"async\" class=\"alignnone size-full wp-image-16347\" src=\"https:\/\/www.melkerbaltik.eu\/wp-content\/uploads\/2018\/10\/Table28.3.png\" alt=\"\" width=\"596\" height=\"213\" srcset=\"https:\/\/www.melkerbaltik.eu\/wp-content\/uploads\/2018\/10\/Table28.3.png 596w, https:\/\/www.melkerbaltik.eu\/wp-content\/uploads\/2018\/10\/Table28.3-180x64.png 180w\" sizes=\"auto, (max-width: 596px) 100vw, 596px\" \/><\/a><\/p>\n<p>DigiTrak Falcon F2 lis\u00e4tiedot: <a href=\"https:\/\/digital-control.com\/receivers\/digitrak-falcon-f2\">https:\/\/digital-control.com\/receivers\/digitrak-falcon-f2<\/a><\/p>\n<p><a ref=\"magnificPopup\" href=\"https:\/\/www.melkerbaltik.eu\/wp-content\/uploads\/2018\/10\/Table28.4.png\"><img loading=\"lazy\" decoding=\"async\" class=\"alignnone size-full wp-image-16350\" src=\"https:\/\/www.melkerbaltik.eu\/wp-content\/uploads\/2018\/10\/Table28.4.png\" alt=\"\" width=\"596\" height=\"217\" srcset=\"https:\/\/www.melkerbaltik.eu\/wp-content\/uploads\/2018\/10\/Table28.4.png 596w, https:\/\/www.melkerbaltik.eu\/wp-content\/uploads\/2018\/10\/Table28.4-180x66.png 180w\" sizes=\"auto, (max-width: 596px) 100vw, 596px\" \/><\/a><\/p>\n<p>DigiTrak Falcon F1 lis\u00e4tiedot: <a href=\"https:\/\/digital-control.com\/receivers\/digitrak-falcon-f1\">https:\/\/digital-control.com\/receivers\/digitrak-falcon-f1<\/a><\/p>\n<h6><strong>Et\u00e4n\u00e4yt\u00f6t<\/strong><\/h6>\n<p>Kest\u00e4v\u00e4 DigiTrak\u00ae Aurora\u00ae -n\u00e4ytt\u00f6, suuntaporaus-alan ensimm\u00e4inen v\u00e4rikosketusn\u00e4ytt\u00f6, on yhteensopiva kaikkien nykyisten DCI-paikannusj\u00e4rjestelmien kanssa ja toimitetaan valmiiksi mukautetuilla sovelluksilla. Hanki peruspaikannustuki Falcon Compact Display (FCD) -n\u00e4yt\u00f6ll\u00e4.<\/p>\n<p>\u2022Wi-Fi- ja Bluetooth\u00ae-yhteys<br \/>\n\u2022Tukee nykyisi\u00e4 DCI-vastaanottimia<br \/>\n\u2022 Muokattavat h\u00e4lytykset, tiedon trendit ja koulutus<br \/>\n\u2022K\u00e4yt\u00e4 useita sovelluksia samanaikaisesti<br \/>\n\u2022 GPS-yhteensopiva tuleville sovelluksille<br \/>\n\u2022Tukee nestepaineen valvontaa, TensiTrak\u00ae-vedonpoistoj\u00e4rjestelm\u00e4\u00e4 ja SST\u00ae-ohjausty\u00f6kalua<\/p>\n<p><strong>AF8<\/strong><br \/>\nAurora 8,4 tuuman n\u00e4ytt\u00f6 on saatavana vapaasti seisovana tai paneeliin asennettuna. Vankka v\u00e4rillinen kosketusn\u00e4ytt\u00f6 tukee LWD Live\u00e4, Target Steeringi\u00e4 ja muita ty\u00f6maalla tuottavuutta lis\u00e4\u00e4vi\u00e4 sovelluksia.<br \/>\n\u2022 8,4 tuuman v\u00e4rillinen kosketusn\u00e4ytt\u00f6liittym\u00e4<\/p>\n<p><a ref=\"magnificPopup\" href=\"https:\/\/www.melkerbaltik.eu\/wp-content\/uploads\/wpallimport\/files\/TableENG\/Table28.5.png\"><img loading=\"lazy\" decoding=\"async\" class=\"alignnone\" src=\"https:\/\/www.melkerbaltik.eu\/wp-content\/uploads\/wpallimport\/files\/TableENG\/Table28.5.png\" alt=\"\" width=\"1039\" height=\"341\" \/><\/a><\/p>\n<p><strong>AF10<\/strong><br \/>\nAuroran vapaasti seisova 10,4 tuuman n\u00e4ytt\u00f6 on v\u00e4rillinen kosketusn\u00e4ytt\u00f6, jossa on ja off-rig -telakointiasemat. T\u00e4m\u00e4 kest\u00e4v\u00e4 n\u00e4ytt\u00f6 tukee LWD Live\u00e4, Target Steeringi\u00e4 ja muita ty\u00f6maalla tuottavuutta lis\u00e4\u00e4vi\u00e4 sovelluksia.<br \/>\n\u202210,4 tuuman v\u00e4rillinen kosketusn\u00e4ytt\u00f6liittym\u00e4<\/p>\n<p><a ref=\"magnificPopup\" href=\"https:\/\/www.melkerbaltik.eu\/wp-content\/uploads\/wpallimport\/files\/TableENG\/Table28.6.png\"><img loading=\"lazy\" decoding=\"async\" class=\"alignnone\" src=\"https:\/\/www.melkerbaltik.eu\/wp-content\/uploads\/wpallimport\/files\/TableENG\/Table28.6.png\" alt=\"\" width=\"1031\" height=\"338\" \/><\/a><\/p>\n<p><strong>Falcon Compact Display<\/strong><br \/>\nFCD on kest\u00e4v\u00e4, l\u00e4ht\u00f6tason n\u00e4ytt\u00f6. Hyv\u00e4 valinta kaivonheittimiin ja miniporoihin, sen valikoima mahdollistaa my\u00f6s pidemm\u00e4t laukaukset.<br \/>\n\u2022 Virtal\u00e4hde: Li-ion- tai NiMH-akku<br \/>\n\u2022 N\u00e4ytt\u00f6tyyppi: LCD<br \/>\n\u2022 Telemetrian kantama: 305 m<\/p>\n","protected":false},"excerpt":{"rendered":"<p>L\u00e4hettimet (Sondid) DigiTrak\u00ae-l\u00e4hettimet l\u00e4hett\u00e4v\u00e4t kaltevuus-, kallistus-, syvyys- ja l\u00e4mp\u00f6tilatietoja vastaanottimiimme. F5-l\u00e4hettimet ovat sinisi\u00e4 ja niiss\u00e4 on 24-asentoisella kellolla l\u00e4hetetty rulladata. F5-l\u00e4hettimet toimivat vain F5-j\u00e4rjestelmien kanssa. Mutta F5-j\u00e4rjestelm\u00e4ss\u00e4 voidaan k\u00e4ytt\u00e4\u00e4 my\u00f6s F-sarjan l\u00e4hettimi\u00e4. Vastaanottimet Kun ty\u00f6maista tulee yh\u00e4 monimutkaisempia, h\u00e4iri\u00f6ist\u00e4 on tullut yksi vaakasuora suuntaporauksen suurimmista esteist\u00e4. Falcon-teknologia auttaa miehist\u00f6j\u00e4 voittamaan sek\u00e4 passiiviset ett\u00e4 aktiiviset h\u00e4iri\u00f6t&#8230;<\/p>\n","protected":false},"featured_media":24008,"template":"","meta":{"_acf_changed":false},"product_brand":[],"product_cat":[96,95],"product_tag":[],"class_list":{"0":"post-28105","1":"product","2":"type-product","3":"status-publish","4":"has-post-thumbnail","6":"product_cat-kaivamattomat-tekniikkat","7":"product_cat-suuntaporaus","8":"product_shipping_class-uncategorized-fi","10":"first","11":"instock","12":"product-type-simple"},"acf":[],"_links":{"self":[{"href":"https:\/\/www.melkerbaltik.eu\/fi\/wp-json\/wp\/v2\/product\/28105","targetHints":{"allow":["GET"]}}],"collection":[{"href":"https:\/\/www.melkerbaltik.eu\/fi\/wp-json\/wp\/v2\/product"}],"about":[{"href":"https:\/\/www.melkerbaltik.eu\/fi\/wp-json\/wp\/v2\/types\/product"}],"wp:featuredmedia":[{"embeddable":true,"href":"https:\/\/www.melkerbaltik.eu\/fi\/wp-json\/wp\/v2\/media\/24008"}],"wp:attachment":[{"href":"https:\/\/www.melkerbaltik.eu\/fi\/wp-json\/wp\/v2\/media?parent=28105"}],"wp:term":[{"taxonomy":"product_brand","embeddable":true,"href":"https:\/\/www.melkerbaltik.eu\/fi\/wp-json\/wp\/v2\/product_brand?post=28105"},{"taxonomy":"product_cat","embeddable":true,"href":"https:\/\/www.melkerbaltik.eu\/fi\/wp-json\/wp\/v2\/product_cat?post=28105"},{"taxonomy":"product_tag","embeddable":true,"href":"https:\/\/www.melkerbaltik.eu\/fi\/wp-json\/wp\/v2\/product_tag?post=28105"}],"curies":[{"name":"wp","href":"https:\/\/api.w.org\/{rel}","templated":true}]}}