{"id":1949,"date":"2018-10-23T15:10:05","date_gmt":"2018-10-23T12:10:05","guid":{"rendered":"https:\/\/www.melkerbaltik.eu\/pood\/Ei-luokiteltu\/piercing-tools\/"},"modified":"2024-01-11T13:22:21","modified_gmt":"2024-01-11T11:22:21","slug":"piercing-tools","status":"publish","type":"product","link":"https:\/\/www.melkerbaltik.eu\/fi\/myym\u00e4l\u00e4\/kaivamattomat-tekniikkat\/suuntaporaus\/piercing-tools\/","title":{"rendered":"Myyr\u00e4t"},"content":{"rendered":"<p><strong>TERRA-HAMMER myyr\u00e4t<\/strong><\/p>\n<p><span style=\"color: #000000;\">\u00f8 45 \u2013 300 mm putkien asennukseen suljetulla menetelm\u00e4ll\u00e4<\/span><\/p>\n<p><span style=\"color: #000000;\">Prosessi on nopea ja taloudellinen, mik\u00e4 minimoi h\u00e4iri\u00f6t ja mahdollistaa liikennevirtojen jatkumisen ty\u00f6prosessin aikana.<\/span><\/p>\n<p><span style=\"color: #000000;\">Yksinkertainen ja kest\u00e4v\u00e4 muotoilu. Nopea suunnanvaihto \u00bc letkun kierroksella. TERRA on ainoa yritys maailmassa, joka tarjoaa m\u00e4nnille 3 vuoden takuun.<\/span><\/p>\n<p><span style=\"color: #000000;\">Vain 880 mm:n pituiset TERRA-minimoolit soveltuvat k\u00e4ytett\u00e4v\u00e4ksi hyvin pieniss\u00e4 kaivannoissa.<\/span><\/p>\n<p><span style=\"color: #000000;\">TERRA-HAMMERilla voidaan painaa ter\u00e4sputkia ja rikkoa vanhoja putkia.<\/span><\/p>\n<p><a ref=\"magnificPopup\" href=\"https:\/\/www.melkerbaltik.eu\/wp-content\/uploads\/2019\/02\/Table26.4.png\"><img loading=\"lazy\" decoding=\"async\" class=\"alignnone size-full wp-image-1871\" src=\"https:\/\/www.melkerbaltik.eu\/wp-content\/uploads\/2019\/02\/Table26.4.png\" alt=\"\" width=\"674\" height=\"594\" srcset=\"https:\/\/www.melkerbaltik.eu\/wp-content\/uploads\/2019\/02\/Table26.4.png 674w, https:\/\/www.melkerbaltik.eu\/wp-content\/uploads\/2019\/02\/Table26.4-600x529.png 600w, https:\/\/www.melkerbaltik.eu\/wp-content\/uploads\/2019\/02\/Table26.4-118x104.png 118w\" sizes=\"auto, (max-width: 674px) 100vw, 674px\" \/><\/a><\/p>\n","protected":false},"excerpt":{"rendered":"<p>TERRA-HAMMER myyr\u00e4t \u00f8 45 \u2013 300 mm putkien asennukseen suljetulla menetelm\u00e4ll\u00e4 Prosessi on nopea ja taloudellinen, mik\u00e4 minimoi h\u00e4iri\u00f6t ja mahdollistaa liikennevirtojen jatkumisen ty\u00f6prosessin aikana. Yksinkertainen ja kest\u00e4v\u00e4 muotoilu. Nopea suunnanvaihto \u00bc letkun kierroksella. TERRA on ainoa yritys maailmassa, joka tarjoaa m\u00e4nnille 3 vuoden takuun. Vain 880 mm:n pituiset TERRA-minimoolit soveltuvat k\u00e4ytett\u00e4v\u00e4ksi hyvin pieniss\u00e4 kaivannoissa&#8230;.<\/p>\n","protected":false},"featured_media":2741,"template":"","meta":{"_acf_changed":false},"product_brand":[],"product_cat":[96,95],"product_tag":[],"class_list":{"0":"post-1949","1":"product","2":"type-product","3":"status-publish","4":"has-post-thumbnail","6":"product_cat-kaivamattomat-tekniikkat","7":"product_cat-suuntaporaus","8":"product_shipping_class-uncategorized-fi","10":"first","11":"instock","12":"product-type-simple"},"acf":[],"_links":{"self":[{"href":"https:\/\/www.melkerbaltik.eu\/fi\/wp-json\/wp\/v2\/product\/1949","targetHints":{"allow":["GET"]}}],"collection":[{"href":"https:\/\/www.melkerbaltik.eu\/fi\/wp-json\/wp\/v2\/product"}],"about":[{"href":"https:\/\/www.melkerbaltik.eu\/fi\/wp-json\/wp\/v2\/types\/product"}],"wp:featuredmedia":[{"embeddable":true,"href":"https:\/\/www.melkerbaltik.eu\/fi\/wp-json\/wp\/v2\/media\/2741"}],"wp:attachment":[{"href":"https:\/\/www.melkerbaltik.eu\/fi\/wp-json\/wp\/v2\/media?parent=1949"}],"wp:term":[{"taxonomy":"product_brand","embeddable":true,"href":"https:\/\/www.melkerbaltik.eu\/fi\/wp-json\/wp\/v2\/product_brand?post=1949"},{"taxonomy":"product_cat","embeddable":true,"href":"https:\/\/www.melkerbaltik.eu\/fi\/wp-json\/wp\/v2\/product_cat?post=1949"},{"taxonomy":"product_tag","embeddable":true,"href":"https:\/\/www.melkerbaltik.eu\/fi\/wp-json\/wp\/v2\/product_tag?post=1949"}],"curies":[{"name":"wp","href":"https:\/\/api.w.org\/{rel}","templated":true}]}}