{"id":3736,"date":"2020-01-18T16:46:29","date_gmt":"2020-01-18T14:46:29","guid":{"rendered":"https:\/\/www.melkerbaltik.eu\/?page_id=3736"},"modified":"2021-09-27T09:59:16","modified_gmt":"2021-09-27T06:59:16","slug":"verkkosivuston-tietosuojakaytanto","status":"publish","type":"page","link":"https:\/\/www.melkerbaltik.eu\/fi\/verkkosivuston-tietosuojakaytanto\/","title":{"rendered":"Verkkosivuston tietosuojak\u00e4yt\u00e4nt\u00f6"},"content":{"rendered":"\r\n<p>Melker Baltik O\u00dc haluaa tehd\u00e4 oma kotisivun \u200b\u200bmahdollisimman helppok\u00e4ytt\u00f6iseksi vierailijoilleen. T\u00e4t\u00e4 varten Melker Baltik O\u00dc: n on tiedett\u00e4v\u00e4, millaisia sivuja ja selaimia eri vierailijat k\u00e4ytt\u00e4v\u00e4t ja miten ne liikkuvat eri verkkosivojen v\u00e4lill\u00e4. Tietojen ker\u00e4\u00e4miseksi ja analysointiin k\u00e4ytet\u00e4\u00e4n Google Analytics -ohjelmistoa. Lis\u00e4tiedot ja analysointimahdollisuukset l\u00f6ytyv\u00e4t <a href=\"https:\/\/support.google.com\/analytics\/answer\/1012034?hl=en\">t\u00e4st\u00e4 osoiteesta.<\/a><\/p>\r\n\r\n\r\n\r\n<p>Jos et halua ett\u00e4 k\u00e4yntitietojesi k\u00e4ytet\u00e4\u00e4n t\u00e4llaiseen analyysiin, voit p\u00e4ivitt\u00e4\u00e4 selaimesi vastaavalla lis\u00e4sovelluksella, joka <a href=\"https:\/\/tools.google.com\/dlpage\/gaoptout\/\">l\u00f6ytyy t\u00e4\u00e4lt\u00e4.<\/a><\/p>\r\n\r\n\r\n\r\n<p>Ev\u00e4steet (engl. Cookies) on tiedotus, jotka selain tallentaa k\u00e4ytt\u00e4j\u00e4n laitteisiin ja joiden tarkoituksena on yll\u00e4pit\u00e4\u00e4 k\u00e4ytt\u00e4j\u00e4n henkil\u00f6kohtaisia \u200b\u200bmieltymyksi\u00e4 (kieli, k\u00e4ytt\u00e4j\u00e4nimi jne.). K\u00e4ytt\u00e4j\u00e4 voi poistaa ev\u00e4steet k\u00e4yt\u00f6st\u00e4 selaimessa, mutta t\u00e4m\u00e4 saattaa heikent\u00e4\u00e4 sivuston k\u00e4ytt\u00f6\u00e4. Ev\u00e4steiden k\u00e4ytt\u00f6ik\u00e4 k\u00e4ytt\u00e4j\u00e4n laitteessa on lyhyt. Yleens\u00e4 se on alle kuukausi. Jos haluat poistaa ev\u00e4steet k\u00e4yt\u00f6st\u00e4, saat apua selaimesi k\u00e4ytt\u00f6opasteesta. K\u00e4ytt\u00e4jien k\u00e4yntitiedot ovat nimett\u00f6mi\u00e4, ja vain rajoitetulla Melker Baltik O\u00dc: n ty\u00f6ntekij\u00f6ill\u00e4 on niihin sis\u00e4\u00e4np\u00e4\u00e4sy.<\/p>\r\n\r\n\r\n\r\n<p>Verkkosivumme is\u00e4nt\u00e4palvelimet tallentavat kyselytietoja vain teknisiin tarkoituksiin varmistaakseen, ett\u00e4 verkkosivusto toimii oikein ja tarvittaessa tunnistamaan vian syyn (t). P\u00e4\u00e4sy niihin tietoihin on Melker Baltik O\u00dc IT-kumppanilla ja palvelimen is\u00e4nt\u00e4yrityksen teknisell\u00e4 henkil\u00f6kunnalla.<\/p>\r\n\r\n\r\n\r\n<p>Lis\u00e4tietoja voi tehd\u00e4 Melker Baltik O\u00dc -sivustolla antamalla henkil\u00f6tietosi. Tietoja k\u00e4ytet\u00e4\u00e4n vain pyynn\u00f6n edellytt\u00e4m\u00e4ll\u00e4 tavalla.<\/p>\r\n\r\n\r\n\r\n<p>Jos sinulla on ehdotuksia tai kysymyksi\u00e4 henkil\u00f6tietojesi k\u00e4sittelyst\u00e4, ota yhteytt\u00e4: melker (\u00e4t) melkerbaltik.eu<\/p>\r\n\r\n\r\n\r\n<p>Jos pelk\u00e4\u00e4t ett\u00e4 yksityisyytt\u00e4si on rikkottu, voit tehd\u00e4 valituksen <a href=\"https:\/\/www.aki.ee\/et\">Tietosuojavirastolle<\/a>. Jos kotipaikka on toisessa EU: n j\u00e4senvaltiossa, l\u00f6yd\u00e4t vastaavan laitoksen yhteystiedot <a href=\"https:\/\/ec.europa.eu\/newsroom\/article29\/item-detail.cfm?item_id=612080\">t\u00e4st\u00e4 osoitteesta<\/a>.<\/p>\r\n","protected":false},"excerpt":{"rendered":"<p>Melker Baltik O\u00dc haluaa tehd\u00e4 oma kotisivun \u200b\u200bmahdollisimman helppok\u00e4ytt\u00f6iseksi vierailijoilleen. T\u00e4t\u00e4 varten Melker Baltik O\u00dc: n on tiedett\u00e4v\u00e4, millaisia sivuja ja selaimia eri vierailijat k\u00e4ytt\u00e4v\u00e4t ja miten ne liikkuvat eri verkkosivojen v\u00e4lill\u00e4. Tietojen ker\u00e4\u00e4miseksi ja analysointiin k\u00e4ytet\u00e4\u00e4n Google Analytics -ohjelmistoa. Lis\u00e4tiedot ja analysointimahdollisuukset l\u00f6ytyv\u00e4t t\u00e4st\u00e4 osoiteesta. Jos et halua ett\u00e4 k\u00e4yntitietojesi k\u00e4ytet\u00e4\u00e4n t\u00e4llaiseen analyysiin, voit&#8230;<\/p>\n","protected":false},"author":1,"featured_media":0,"parent":0,"menu_order":0,"comment_status":"closed","ping_status":"closed","template":"","meta":{"_acf_changed":false,"footnotes":""},"class_list":["post-3736","page","type-page","status-publish","hentry"],"acf":[],"_links":{"self":[{"href":"https:\/\/www.melkerbaltik.eu\/fi\/wp-json\/wp\/v2\/pages\/3736","targetHints":{"allow":["GET"]}}],"collection":[{"href":"https:\/\/www.melkerbaltik.eu\/fi\/wp-json\/wp\/v2\/pages"}],"about":[{"href":"https:\/\/www.melkerbaltik.eu\/fi\/wp-json\/wp\/v2\/types\/page"}],"author":[{"embeddable":true,"href":"https:\/\/www.melkerbaltik.eu\/fi\/wp-json\/wp\/v2\/users\/1"}],"replies":[{"embeddable":true,"href":"https:\/\/www.melkerbaltik.eu\/fi\/wp-json\/wp\/v2\/comments?post=3736"}],"version-history":[{"count":2,"href":"https:\/\/www.melkerbaltik.eu\/fi\/wp-json\/wp\/v2\/pages\/3736\/revisions"}],"predecessor-version":[{"id":12607,"href":"https:\/\/www.melkerbaltik.eu\/fi\/wp-json\/wp\/v2\/pages\/3736\/revisions\/12607"}],"wp:attachment":[{"href":"https:\/\/www.melkerbaltik.eu\/fi\/wp-json\/wp\/v2\/media?parent=3736"}],"curies":[{"name":"wp","href":"https:\/\/api.w.org\/{rel}","templated":true}]}}