{"id":1934,"date":"2018-05-10T06:28:06","date_gmt":"2018-05-10T03:28:06","guid":{"rendered":"https:\/\/www.melkerbaltik.eu\/melker\/"},"modified":"2025-06-25T12:53:41","modified_gmt":"2025-06-25T09:53:41","slug":"melker","status":"publish","type":"page","link":"https:\/\/www.melkerbaltik.eu\/fi\/","title":{"rendered":"Melker"},"content":{"rendered":"<section class=\"l-section wpb_row height_medium with_img front-second\"><div class=\"l-section-img\" style=\"background-image: url(https:\/\/www.melkerbaltik.eu\/wp-content\/uploads\/2022\/03\/header-0-copy.png);background-repeat: no-repeat;\" data-img-width=\"1950\" data-img-height=\"275\"><\/div><div class=\"l-section-h i-cf\"><div class=\"g-cols vc_row type_default valign_middle\"><div class=\"vc_col-sm-8 wpb_column vc_column_container\"><div class=\"vc_column-inner\"><div class=\"wpb_wrapper\">\n\t<div class=\"wpb_text_column \">\n\t\t<div class=\"wpb_wrapper\">\n\t\t\t<h2><strong><span style=\"color: #ffffff;\">OVER 30 YEARS ON THE BALTIC MARKET<\/span><\/strong><\/h2>\n\n\t\t<\/div>\n\t<\/div>\n<\/div><\/div><\/div><div class=\"vc_col-sm-4 wpb_column vc_column_container\"><div class=\"vc_column-inner\"><div class=\"wpb_wrapper\"><div class=\"w-btn-wrapper align_center\"><a class=\"w-btn style_raised color_primary icon_none black\" href=\"https:\/\/www.melkerbaltik.eu\/en\/about-us\/\" target=\"_blank\" style=\"font-size:14px;\"><span class=\"w-btn-label\">Read more!<\/span><\/a><\/div><\/div><\/div><\/div><\/div><\/div><\/section><section class=\"l-section wpb_row height_auto width_full\" id=\"tooted\"><div class=\"l-section-h i-cf\"><div class=\"g-cols vc_row type_default valign_middle\"><div class=\"vc_col-sm-8 wpb_column vc_column_container product-row\"><div class=\"vc_column-inner\"><div class=\"wpb_wrapper\">\n\t<div class=\"wpb_text_column \">\n\t\t<div class=\"wpb_wrapper\">\n\t\t\t<h3><span data-sheets-value=\"{&quot;1&quot;:2,&quot;2&quot;:&quot;Tuotteet ja palvelut&quot;}\" data-sheets-userformat=\"{&quot;2&quot;:513,&quot;3&quot;:{&quot;1&quot;:0},&quot;12&quot;:0}\">Tuotteet ja palvelut<\/span><\/h3>\n\n\t\t<\/div>\n\t<\/div>\n<div class=\"woocommerce columns-3\"><ul class=\"products columns-3\">\n<li class=\"product-category product first\">\n\t<a aria-label=\"Visit product category Kaivamattomat tekniikkat\" href=\"https:\/\/www.melkerbaltik.eu\/fi\/product-category\/kaivamattomat-tekniikkat\/\"><img loading=\"lazy\" decoding=\"async\" src=\"https:\/\/www.melkerbaltik.eu\/wp-content\/uploads\/2023\/12\/Puurimisseadmed-300x200.jpg\" alt=\"Kaivamattomat tekniikkat\" width=\"300\" height=\"200\" \/>\t\t<h2 class=\"woocommerce-loop-category__title\">\n\t\t\tKaivamattomat tekniikkat <mark class=\"count\">(12)<\/mark>\t\t<\/h2>\n\t\t<\/a><\/li>\n<li class=\"product-category product\">\n\t<a aria-label=\"Visit product category Logistiikka- ja varastotuotteet\" href=\"https:\/\/www.melkerbaltik.eu\/fi\/product-category\/logistiikka-ja-varastotuotteet\/\"><img loading=\"lazy\" decoding=\"async\" src=\"https:\/\/www.melkerbaltik.eu\/wp-content\/uploads\/2019\/11\/pallet-300x200.jpg\" alt=\"Logistiikka- ja varastotuotteet\" width=\"300\" height=\"200\" \/>\t\t<h2 class=\"woocommerce-loop-category__title\">\n\t\t\tLogistiikka- ja varastotuotteet <mark class=\"count\">(1)<\/mark>\t\t<\/h2>\n\t\t<\/a><\/li>\n<\/ul>\n<\/div><\/div><\/div><\/div><div class=\"vc_col-sm-4 wpb_column vc_column_container has-fill right-row-front\"><div class=\"vc_column-inner  vc_custom_1628862912108\"><div class=\"wpb_wrapper\">[vc_empty_space height=&#8221;132px&#8221;][vc_empty_space]\n\t<div class=\"wpb_text_column  vc_custom_1639044259461\">\n\t\t<div class=\"wpb_wrapper\">\n\t\t\t<h4 style=\"text-align: center;\"><span style=\"color: #003366;\"><strong>Kysymyksi\u00e4, toivomuksia tai tarjouspyynt\u00f6? Soita tai l\u00e4het\u00e4 meille viesti<\/strong><br \/>\n<strong>suoraan t\u00e4st\u00e4 viesti-toiminnon kautta!<\/strong><\/span><\/h4>\n\n\t\t<\/div>\n\t<\/div>\n<div class=\"w-btn-wrapper align_center\"><a class=\"w-btn style_raised color_primary icon_none\" href=\"https:\/\/www.melkerbaltik.eu\/fi\/contact\/\" style=\"font-size:14px;\"><span class=\"w-btn-label\">Ota Yhteytt\u00e4<\/span><\/a><\/div><\/div><\/div><\/div><\/div><\/div><\/section>\n","protected":false},"excerpt":{"rendered":"OVER 30 YEARS ON THE BALTIC MARKET Read more! Tuotteet ja palvelut Kaivamattomat tekniikkat (12) Logistiikka- ja varastotuotteet (1) [vc_empty_space height=\"132px\"][vc_empty_space] Kysymyksi\u00e4, toivomuksia tai tarjouspyynt\u00f6? Soita tai l\u00e4het\u00e4 meille viesti suoraan t\u00e4st\u00e4 viesti-toiminnon kautta! Ota Yhteytt\u00e4","protected":false},"author":1,"featured_media":0,"parent":0,"menu_order":0,"comment_status":"closed","ping_status":"closed","template":"","meta":{"_acf_changed":false,"footnotes":""},"class_list":["post-1934","page","type-page","status-publish","hentry"],"acf":[],"_links":{"self":[{"href":"https:\/\/www.melkerbaltik.eu\/fi\/wp-json\/wp\/v2\/pages\/1934","targetHints":{"allow":["GET"]}}],"collection":[{"href":"https:\/\/www.melkerbaltik.eu\/fi\/wp-json\/wp\/v2\/pages"}],"about":[{"href":"https:\/\/www.melkerbaltik.eu\/fi\/wp-json\/wp\/v2\/types\/page"}],"author":[{"embeddable":true,"href":"https:\/\/www.melkerbaltik.eu\/fi\/wp-json\/wp\/v2\/users\/1"}],"replies":[{"embeddable":true,"href":"https:\/\/www.melkerbaltik.eu\/fi\/wp-json\/wp\/v2\/comments?post=1934"}],"version-history":[{"count":46,"href":"https:\/\/www.melkerbaltik.eu\/fi\/wp-json\/wp\/v2\/pages\/1934\/revisions"}],"predecessor-version":[{"id":30659,"href":"https:\/\/www.melkerbaltik.eu\/fi\/wp-json\/wp\/v2\/pages\/1934\/revisions\/30659"}],"wp:attachment":[{"href":"https:\/\/www.melkerbaltik.eu\/fi\/wp-json\/wp\/v2\/media?parent=1934"}],"curies":[{"name":"wp","href":"https:\/\/api.w.org\/{rel}","templated":true}]}}