{"id":1919,"date":"2021-03-25T11:25:00","date_gmt":"2021-03-25T09:25:00","guid":{"rendered":"https:\/\/www.melkerbaltik.eu\/contact\/"},"modified":"2026-01-19T11:44:37","modified_gmt":"2026-01-19T09:44:37","slug":"contact","status":"publish","type":"page","link":"https:\/\/www.melkerbaltik.eu\/fi\/contact\/","title":{"rendered":"Ota yhteytt\u00e4"},"content":{"rendered":"<h5><strong>Project Managers<\/strong><\/h5>\n<table style=\"height: 95px;\" width=\"730\">\n<tbody>\n<tr>\n<td width=\"223\"><strong>Aleksei S\u00e4rki<\/strong><\/td>\n<td width=\"234\">aleksei.sarki (\u00e4t) melkerbaltik.eu<\/td>\n<td width=\"136\">+372 5503 803<\/td>\n<\/tr>\n<tr>\n<td width=\"223\"><strong>Alex N\u00f5omaa<\/strong><\/td>\n<td width=\"234\">alex (\u00e4t) melkerbaltik.eu<\/td>\n<td width=\"136\">+372 5235 018<\/td>\n<\/tr>\n<\/tbody>\n<\/table>\n<section class=\"l-section wpb_row height_medium\"><div class=\"l-section-h i-cf\"><div class=\"g-cols vc_row type_default valign_top\"><div class=\"vc_col-sm-6 wpb_column vc_column_container\"><div class=\"vc_column-inner\"><div class=\"wpb_wrapper\">\n\t<div class=\"wpb_text_column \">\n\t\t<div class=\"wpb_wrapper\">\n\t\t\t<figure><iframe loading=\"lazy\" src=\"https:\/\/maps.google.com\/maps?width=520&amp;height=400&amp;hl=en&amp;q=%C3%84mma%20tee%2075%20Iru+(Melker%20Baltik%20O%C3%9C)&amp;t=&amp;z=13&amp;ie=UTF8&amp;iwloc=B&amp;output=embed\" width=\"520\" height=\"400\" data-mce-fragment=\"1\"><\/iframe><\/figure>\n\n\t\t<\/div>\n\t<\/div>\n<\/div><\/div><\/div><div class=\"vc_col-sm-3 wpb_column vc_column_container\"><div class=\"vc_column-inner\"><div class=\"wpb_wrapper\">\n\t<div class=\"wpb_text_column \">\n\t\t<div class=\"wpb_wrapper\">\n\t\t\t<h4><strong>Ota yhteytt\u00e4<br \/>\n<\/strong><\/p>\n\n\t\t<\/div>\n\t<\/div>\n\n<div class=\"wpcf7 no-js\" id=\"wpcf7-f1991-o1\" lang=\"et\" dir=\"ltr\" data-wpcf7-id=\"1991\">\n<div class=\"screen-reader-response\"><p role=\"status\" aria-live=\"polite\" aria-atomic=\"true\"><\/p> <ul><\/ul><\/div>\n<form action=\"\/fi\/wp-json\/wp\/v2\/pages\/1919#wpcf7-f1991-o1\" method=\"post\" class=\"wpcf7-form init\" aria-label=\"Contact form\" novalidate=\"novalidate\" data-status=\"init\">\n<fieldset class=\"hidden-fields-container\"><input type=\"hidden\" name=\"_wpcf7\" value=\"1991\" \/><input type=\"hidden\" name=\"_wpcf7_version\" value=\"6.1.4\" \/><input type=\"hidden\" name=\"_wpcf7_locale\" value=\"et\" \/><input type=\"hidden\" name=\"_wpcf7_unit_tag\" value=\"wpcf7-f1991-o1\" \/><input type=\"hidden\" name=\"_wpcf7_container_post\" value=\"0\" \/><input type=\"hidden\" name=\"_wpcf7_posted_data_hash\" value=\"\" \/><input type=\"hidden\" name=\"_wpcf7_recaptcha_response\" value=\"\" \/>\n<\/fieldset>\n<p><label><span>Nimi<\/span><br \/>\n<span class=\"wpcf7-form-control-wrap\" data-name=\"your-name\"><input size=\"40\" maxlength=\"400\" class=\"wpcf7-form-control wpcf7-text wpcf7-validates-as-required\" aria-required=\"true\" aria-invalid=\"false\" placeholder=\"Nimi\" value=\"\" type=\"text\" name=\"your-name\" \/><\/span> <\/label>\n<\/p>\n<p><label><span>S\u00e4hk\u00f6posti<\/span><br \/>\n<span class=\"wpcf7-form-control-wrap\" data-name=\"your-email\"><input size=\"40\" maxlength=\"400\" class=\"wpcf7-form-control wpcf7-email wpcf7-validates-as-required wpcf7-text wpcf7-validates-as-email\" aria-required=\"true\" aria-invalid=\"false\" placeholder=\"S\u00e4hk\u00f6posti\" value=\"\" type=\"email\" name=\"your-email\" \/><\/span> <\/label>\n<\/p>\n<p><label><span>Puhelin<\/span><br \/>\n<span class=\"wpcf7-form-control-wrap\" data-name=\"Sinutelefon\"><input size=\"40\" maxlength=\"400\" class=\"wpcf7-form-control wpcf7-tel wpcf7-validates-as-required wpcf7-text wpcf7-validates-as-tel\" aria-required=\"true\" aria-invalid=\"false\" placeholder=\"Puhelin\" value=\"\" type=\"tel\" name=\"Sinutelefon\" \/><\/span><\/label>\n<\/p>\n<p><label><span>Viesti<\/span><br \/>\n<span class=\"wpcf7-form-control-wrap\" data-name=\"your-message\"><textarea cols=\"40\" rows=\"10\" maxlength=\"2000\" class=\"wpcf7-form-control wpcf7-textarea\" aria-invalid=\"false\" placeholder=\"Viesti\" name=\"your-message\"><\/textarea><\/span> <\/label>\n<\/p>\n<p><input class=\"wpcf7-form-control wpcf7-submit has-spinner\" type=\"submit\" value=\"L\u00e4het\u00e4 viesti\" \/>\n<\/p><div class=\"wpcf7-response-output\" aria-hidden=\"true\"><\/div>\n<\/form>\n<\/div>\n<\/div><\/div><\/div><div class=\"vc_col-sm-3 wpb_column vc_column_container\"><div class=\"vc_column-inner\"><div class=\"wpb_wrapper\">\n\t<div class=\"wpb_text_column \">\n\t\t<div class=\"wpb_wrapper\">\n\t\t\t<\/h4>\n<h5><strong>Melker Baltik O\u00dc<\/strong><\/h5>\n<p><strong>Osoite Tallinn:<\/strong><br \/>\n\u00c4mma tee 75<br \/>\n74206 Iru, Eesti<\/p>\n<p><strong>Osoite Tartu (new aadress)<span style=\"color: #0000ff;\"><span style=\"caret-color: #0000ff;\">:<\/span><\/span><\/strong><br \/>\nRingtee 43D\/1, Ropka 50104<\/p>\n<p>&nbsp;<\/p>\n<p>Puhelin:<br \/>\n+372 56 222 442<\/p>\n<p>S\u00e4hk\u00f6posti:<br \/>\nmelker (\u00e4t) melkerbaltik.eu<\/p>\n\n\t\t<\/div>\n\t<\/div>\n<\/div><\/div><\/div><\/div><\/div><\/section>\n<p>&nbsp;<\/p>\n<p>&nbsp;<\/p>\n","protected":false},"excerpt":{"rendered":"<p>Project Managers Aleksei S\u00e4rki aleksei.sarki (\u00e4t) melkerbaltik.eu +372 5503 803 Alex N\u00f5omaa alex (\u00e4t) melkerbaltik.eu +372 5235 018 &nbsp; &nbsp;<\/p>\n","protected":false},"author":1,"featured_media":0,"parent":0,"menu_order":0,"comment_status":"closed","ping_status":"closed","template":"","meta":{"_acf_changed":false,"footnotes":""},"class_list":["post-1919","page","type-page","status-publish","hentry"],"acf":[],"_links":{"self":[{"href":"https:\/\/www.melkerbaltik.eu\/fi\/wp-json\/wp\/v2\/pages\/1919","targetHints":{"allow":["GET"]}}],"collection":[{"href":"https:\/\/www.melkerbaltik.eu\/fi\/wp-json\/wp\/v2\/pages"}],"about":[{"href":"https:\/\/www.melkerbaltik.eu\/fi\/wp-json\/wp\/v2\/types\/page"}],"author":[{"embeddable":true,"href":"https:\/\/www.melkerbaltik.eu\/fi\/wp-json\/wp\/v2\/users\/1"}],"replies":[{"embeddable":true,"href":"https:\/\/www.melkerbaltik.eu\/fi\/wp-json\/wp\/v2\/comments?post=1919"}],"version-history":[{"count":22,"href":"https:\/\/www.melkerbaltik.eu\/fi\/wp-json\/wp\/v2\/pages\/1919\/revisions"}],"predecessor-version":[{"id":32320,"href":"https:\/\/www.melkerbaltik.eu\/fi\/wp-json\/wp\/v2\/pages\/1919\/revisions\/32320"}],"wp:attachment":[{"href":"https:\/\/www.melkerbaltik.eu\/fi\/wp-json\/wp\/v2\/media?parent=1919"}],"curies":[{"name":"wp","href":"https:\/\/api.w.org\/{rel}","templated":true}]}}