{"id":32546,"date":"2026-02-03T14:30:05","date_gmt":"2026-02-03T12:30:05","guid":{"rendered":"https:\/\/www.melkerbaltik.eu\/shop\/uncategorized\/multione-11-6k\/"},"modified":"2026-04-30T16:36:20","modified_gmt":"2026-04-30T13:36:20","slug":"multione-11-6k","status":"publish","type":"product","link":"https:\/\/www.melkerbaltik.eu\/en\/shop\/special-offers\/machines\/multione-11-6k\/","title":{"rendered":"MultiOne 11.6K"},"content":{"rendered":"<ul>\n<li style=\"list-style-type: none;\">\n<ul>\n<li>Kohler KDI 1903 \/ 57 hj turbodiiselmootor<\/li>\n<li>H\u00fcdraulika tootlikkus 84 l\/min \u2013 3 pumpa<\/li>\n<li>S\u00f5idukiirus kuni 30 km\/h, p\u00fcsikiiruse hoidja<\/li>\n<li>Paralleelt\u00f5stega teleskooppoom<\/li>\n<li>13-funktsiooniline elektriline JOYSTICK<\/li>\n<li>ACI -Interface t\u00f6\u00f6seadmete jaoks<\/li>\n<li>OneDrive \u2013 30% efektiivsem veos\u00fcsteem<\/li>\n<li>Purunemiskindlad plastikud<\/li>\n<li>Pehme iste koos k\u00e4etugede ja soojendusega<\/li>\n<li>H\u00fcdraulika v\u00e4ljav\u00f5tted esipoomil koos elektriga<\/li>\n<li>H\u00fcdromootorid \u2013 BOSCH<\/li>\n<li>4 \u2013 k\u00e4iguvabastus DBS \u2013 h\u00fcdrod\u00fcnaamiline blokeers\u00fcsteem<\/li>\n<li>4WD \u2013 nelivedu,\u00a0 h\u00fcdrostaatiline v\u00f5imendiga otsevedu<\/li>\n<li>M\u00f5\u00f5dud: 3300 x 1500 x 2240 mm<\/li>\n<li>T\u00f5stek\u00f5rgus 3700 mm<\/li>\n<li>T\u00f5stev\u00f5ime kuni 2540 kg<\/li>\n<li>Mass 2760 kg koos lisavasturaskustega<\/li>\n<\/ul>\n<\/li>\n<\/ul>\n<p><b>K\u00fcsi pakkumist!<\/b><\/p>\n<p><a ref=\"magnificPopup\" href=\"https:\/\/www.melkerbaltik.eu\/wp-content\/uploads\/2026\/02\/MultiOne11.6.png\"><img loading=\"lazy\" decoding=\"async\" class=\"alignnone size-full wp-image-32471\" src=\"https:\/\/www.melkerbaltik.eu\/wp-content\/uploads\/2026\/02\/MultiOne11.6.png\" alt=\"\" width=\"716\" height=\"1024\" srcset=\"https:\/\/www.melkerbaltik.eu\/wp-content\/uploads\/2026\/02\/MultiOne11.6.png 716w, https:\/\/www.melkerbaltik.eu\/wp-content\/uploads\/2026\/02\/MultiOne11.6-73x104.png 73w, https:\/\/www.melkerbaltik.eu\/wp-content\/uploads\/2026\/02\/MultiOne11.6-600x858.png 600w\" sizes=\"auto, (max-width: 716px) 100vw, 716px\" \/><\/a><\/p>\n","protected":false},"excerpt":{"rendered":"<p>Kohler KDI 1903 \/ 57 hj turbodiiselmootor H\u00fcdraulika tootlikkus 84 l\/min \u2013 3 pumpa S\u00f5idukiirus kuni 30 km\/h, p\u00fcsikiiruse hoidja Paralleelt\u00f5stega teleskooppoom 13-funktsiooniline elektriline JOYSTICK ACI -Interface t\u00f6\u00f6seadmete jaoks OneDrive \u2013 30% efektiivsem veos\u00fcsteem Purunemiskindlad plastikud Pehme iste koos k\u00e4etugede ja soojendusega H\u00fcdraulika v\u00e4ljav\u00f5tted esipoomil koos elektriga H\u00fcdromootorid \u2013 BOSCH 4 \u2013 k\u00e4iguvabastus DBS \u2013&#8230;<\/p>\n","protected":false},"featured_media":32468,"template":"","meta":{"_acf_changed":false},"product_brand":[],"product_cat":[88,89],"product_tag":[],"class_list":{"0":"post-32546","1":"product","2":"type-product","3":"status-publish","4":"has-post-thumbnail","6":"product_cat-special-offers","7":"product_cat-machines","9":"first","10":"instock","11":"shipping-taxable","12":"product-type-simple"},"acf":[],"_links":{"self":[{"href":"https:\/\/www.melkerbaltik.eu\/en\/wp-json\/wp\/v2\/product\/32546","targetHints":{"allow":["GET"]}}],"collection":[{"href":"https:\/\/www.melkerbaltik.eu\/en\/wp-json\/wp\/v2\/product"}],"about":[{"href":"https:\/\/www.melkerbaltik.eu\/en\/wp-json\/wp\/v2\/types\/product"}],"wp:featuredmedia":[{"embeddable":true,"href":"https:\/\/www.melkerbaltik.eu\/en\/wp-json\/wp\/v2\/media\/32468"}],"wp:attachment":[{"href":"https:\/\/www.melkerbaltik.eu\/en\/wp-json\/wp\/v2\/media?parent=32546"}],"wp:term":[{"taxonomy":"product_brand","embeddable":true,"href":"https:\/\/www.melkerbaltik.eu\/en\/wp-json\/wp\/v2\/product_brand?post=32546"},{"taxonomy":"product_cat","embeddable":true,"href":"https:\/\/www.melkerbaltik.eu\/en\/wp-json\/wp\/v2\/product_cat?post=32546"},{"taxonomy":"product_tag","embeddable":true,"href":"https:\/\/www.melkerbaltik.eu\/en\/wp-json\/wp\/v2\/product_tag?post=32546"}],"curies":[{"name":"wp","href":"https:\/\/api.w.org\/{rel}","templated":true}]}}