{"id":15911,"date":"2022-02-01T16:48:38","date_gmt":"2022-02-01T14:48:38","guid":{"rendered":"https:\/\/www.melkerbaltik.eu\/?post_type=product&#038;p=15911"},"modified":"2022-02-01T17:03:53","modified_gmt":"2022-02-01T15:03:53","slug":"compressor-xats-138","status":"publish","type":"product","link":"https:\/\/www.melkerbaltik.eu\/en\/shop\/construction-machinery-and-equipment\/atlas-copco\/atlas-copco-diesel-air-compressors\/compressor-xats-138\/","title":{"rendered":"Compressor XATS 138"},"content":{"rendered":"<p>T\u00f6\u00f6r\u00f5hk 7-10.3 bar<br \/>\nTootlikkus 7-5 m3\/min<br \/>\nKubota mootor V2403-CR-T-E5B<\/p>\n<p>Vaata <a href=\"http:\/\/www.melkerbaltik.eu\/files\/bomagleaflets\/Datasheet_XATS-138.pdf\" target=\"_blank\" rel=\"noopener\">tootelehte<\/a> tehniliste andmetega.<\/p>\n","protected":false},"excerpt":{"rendered":"<p>T\u00f6\u00f6r\u00f5hk 7-10.3 bar Tootlikkus 7-5 m3\/min Kubota mootor V2403-CR-T-E5B Vaata tootelehte tehniliste andmetega.<\/p>\n","protected":false},"featured_media":15913,"template":"","meta":{"_acf_changed":false},"product_brand":[],"product_cat":[58,112],"product_tag":[367,368,369],"class_list":{"0":"post-15911","1":"product","2":"type-product","3":"status-publish","4":"has-post-thumbnail","6":"product_cat-atlas-copco","7":"product_cat-atlas-copco-diesel-air-compressors","8":"product_tag-atlas-en","9":"product_tag-copco-en","10":"product_tag-kompressor-en","12":"first","13":"instock","14":"shipping-taxable","15":"product-type-simple"},"acf":[],"_links":{"self":[{"href":"https:\/\/www.melkerbaltik.eu\/en\/wp-json\/wp\/v2\/product\/15911","targetHints":{"allow":["GET"]}}],"collection":[{"href":"https:\/\/www.melkerbaltik.eu\/en\/wp-json\/wp\/v2\/product"}],"about":[{"href":"https:\/\/www.melkerbaltik.eu\/en\/wp-json\/wp\/v2\/types\/product"}],"wp:featuredmedia":[{"embeddable":true,"href":"https:\/\/www.melkerbaltik.eu\/en\/wp-json\/wp\/v2\/media\/15913"}],"wp:attachment":[{"href":"https:\/\/www.melkerbaltik.eu\/en\/wp-json\/wp\/v2\/media?parent=15911"}],"wp:term":[{"taxonomy":"product_brand","embeddable":true,"href":"https:\/\/www.melkerbaltik.eu\/en\/wp-json\/wp\/v2\/product_brand?post=15911"},{"taxonomy":"product_cat","embeddable":true,"href":"https:\/\/www.melkerbaltik.eu\/en\/wp-json\/wp\/v2\/product_cat?post=15911"},{"taxonomy":"product_tag","embeddable":true,"href":"https:\/\/www.melkerbaltik.eu\/en\/wp-json\/wp\/v2\/product_tag?post=15911"}],"curies":[{"name":"wp","href":"https:\/\/api.w.org\/{rel}","templated":true}]}}