{"id":9781,"date":"2021-03-25T11:25:00","date_gmt":"2021-03-25T09:25:00","guid":{"rendered":"https:\/\/www.melkerbaltik.eu\/kontakt-test\/"},"modified":"2026-02-03T10:31:11","modified_gmt":"2026-02-03T08:31:11","slug":"contact","status":"publish","type":"page","link":"https:\/\/www.melkerbaltik.eu\/en\/contact\/","title":{"rendered":"Contact"},"content":{"rendered":"<section class=\"l-section wpb_row height_medium\"><div class=\"l-section-h i-cf\"><div class=\"g-cols vc_row type_default valign_top\"><div class=\"vc_col-sm-3 wpb_column vc_column_container\"><div class=\"vc_column-inner\"><div class=\"wpb_wrapper\">\n\t<div class=\"wpb_text_column \">\n\t\t<div class=\"wpb_wrapper\">\n\t\t\t<h5><strong>Melker Baltik O\u00dc<\/strong><\/h5>\n<p><strong>Tallinn<\/strong>:<br \/>\n\u00c4mma tee 75<br \/>\n74206 Iru<\/p>\n<p>Phone:<br \/>\n+372 56 222 442<\/p>\n<p><strong>Tartu (New address):<\/strong> Ringtee 43D\/1 , Ropka 50104<\/p>\n<p>E-mail:<br \/>\nmelker (\u00e4t) melkerbaltik.eu<\/p>\n<p><span style=\"text-decoration: underline;\"><strong>For YANMAR spare parts:<\/strong><\/span><br \/>\n<span style=\"text-decoration: underline;\">varuosad (\u00e4t) melkerbaltik.eu<\/span><\/p>\n\n\t\t<\/div>\n\t<\/div>\n<\/div><\/div><\/div><div class=\"vc_col-sm-6 wpb_column vc_column_container\"><div class=\"vc_column-inner\"><div class=\"wpb_wrapper\">\n\t<div class=\"wpb_text_column \">\n\t\t<div class=\"wpb_wrapper\">\n\t\t\t<h4><strong>Project Managers<\/strong><\/h4>\n<table style=\"height: 95px;\" width=\"730\">\n<tbody>\n<tr>\n<td width=\"223\"><strong>Aleksei S\u00e4rki<\/strong><\/td>\n<td width=\"234\">aleksei.sarki (\u00e4t) melkerbaltik.eu<\/td>\n<td width=\"136\">+372 5503 803<\/td>\n<\/tr>\n<tr>\n<td width=\"223\"><strong>Alex N\u00f5omaa<\/strong><\/td>\n<td width=\"234\">alex (\u00e4t) melkerbaltik.eu<\/td>\n<td width=\"136\">+372 5235 018<\/td>\n<\/tr>\n<\/tbody>\n<\/table>\n<h4><strong>In Tallinn<\/strong><\/h4>\n<figure><iframe loading=\"lazy\" src=\"https:\/\/maps.google.com\/maps?width=520&amp;height=400&amp;hl=en&amp;q=%C3%84mma%20tee%2075%20Iru+(Melker%20Baltik%20O%C3%9C)&amp;t=&amp;z=13&amp;ie=UTF8&amp;iwloc=B&amp;output=embed\" width=\"520\" height=\"400\"><\/iframe><\/figure>\n\n\t\t<\/div>\n\t<\/div>\n<div class=\"w-gallery type_masonry with_indents style_simple link_file\"><div class=\"w-gallery-list\"><a class=\"w-gallery-item order_1 animate_reveal\" href=\"https:\/\/www.melkerbaltik.eu\/wp-content\/uploads\/2022\/07\/melker-baltik-tallinn-kontor.jpg\" title=\"melker-baltik-tallinn-kontor\"><div class=\"w-gallery-item-img\"><img loading=\"lazy\" decoding=\"async\" width=\"1024\" height=\"768\" src=\"https:\/\/www.melkerbaltik.eu\/wp-content\/uploads\/2022\/07\/melker-baltik-tallinn-kontor.jpg\" class=\"attachment-large size-large\" alt=\"\" srcset=\"https:\/\/www.melkerbaltik.eu\/wp-content\/uploads\/2022\/07\/melker-baltik-tallinn-kontor.jpg 1024w, https:\/\/www.melkerbaltik.eu\/wp-content\/uploads\/2022\/07\/melker-baltik-tallinn-kontor-600x450.jpg 600w, https:\/\/www.melkerbaltik.eu\/wp-content\/uploads\/2022\/07\/melker-baltik-tallinn-kontor-139x104.jpg 139w, https:\/\/www.melkerbaltik.eu\/wp-content\/uploads\/2022\/07\/melker-baltik-tallinn-kontor-768x576.jpg 768w\" sizes=\"auto, (max-width: 1024px) 100vw, 1024px\" \/><\/div><\/a><a class=\"w-gallery-item order_2 animate_reveal\" href=\"https:\/\/www.melkerbaltik.eu\/wp-content\/uploads\/2022\/07\/tallinna-kontor.jpg\" title=\"tallinna-kontor\"><div class=\"w-gallery-item-img\"><img loading=\"lazy\" decoding=\"async\" width=\"1024\" height=\"683\" src=\"https:\/\/www.melkerbaltik.eu\/wp-content\/uploads\/2022\/07\/tallinna-kontor-1024x683.jpg\" class=\"attachment-large size-large\" alt=\"\" srcset=\"https:\/\/www.melkerbaltik.eu\/wp-content\/uploads\/2022\/07\/tallinna-kontor-1024x683.jpg 1024w, https:\/\/www.melkerbaltik.eu\/wp-content\/uploads\/2022\/07\/tallinna-kontor-300x200.jpg 300w, https:\/\/www.melkerbaltik.eu\/wp-content\/uploads\/2022\/07\/tallinna-kontor-600x400.jpg 600w, https:\/\/www.melkerbaltik.eu\/wp-content\/uploads\/2022\/07\/tallinna-kontor-156x104.jpg 156w, https:\/\/www.melkerbaltik.eu\/wp-content\/uploads\/2022\/07\/tallinna-kontor-768x512.jpg 768w, https:\/\/www.melkerbaltik.eu\/wp-content\/uploads\/2022\/07\/tallinna-kontor.jpg 1080w\" sizes=\"auto, (max-width: 1024px) 100vw, 1024px\" \/><\/div><\/a><a class=\"w-gallery-item order_3 animate_reveal\" href=\"https:\/\/www.melkerbaltik.eu\/wp-content\/uploads\/2022\/07\/IMG_3698.jpg\" title=\"IMG_3698\"><div class=\"w-gallery-item-img\"><img loading=\"lazy\" decoding=\"async\" width=\"1024\" height=\"768\" src=\"https:\/\/www.melkerbaltik.eu\/wp-content\/uploads\/2022\/07\/IMG_3698.jpg\" class=\"attachment-large size-large\" alt=\"\" srcset=\"https:\/\/www.melkerbaltik.eu\/wp-content\/uploads\/2022\/07\/IMG_3698.jpg 1024w, https:\/\/www.melkerbaltik.eu\/wp-content\/uploads\/2022\/07\/IMG_3698-600x450.jpg 600w, https:\/\/www.melkerbaltik.eu\/wp-content\/uploads\/2022\/07\/IMG_3698-139x104.jpg 139w, https:\/\/www.melkerbaltik.eu\/wp-content\/uploads\/2022\/07\/IMG_3698-768x576.jpg 768w\" sizes=\"auto, (max-width: 1024px) 100vw, 1024px\" \/><\/div><\/a><a class=\"w-gallery-item order_4 animate_reveal\" href=\"https:\/\/www.melkerbaltik.eu\/wp-content\/uploads\/2022\/07\/Varava-avamiseks-helista-1.jpg\" title=\"V\u00e4rava-avamiseks-helista-1\"><div class=\"w-gallery-item-img\"><img loading=\"lazy\" decoding=\"async\" width=\"1024\" height=\"768\" src=\"https:\/\/www.melkerbaltik.eu\/wp-content\/uploads\/2022\/07\/Varava-avamiseks-helista-1.jpg\" class=\"attachment-large size-large\" alt=\"\" srcset=\"https:\/\/www.melkerbaltik.eu\/wp-content\/uploads\/2022\/07\/Varava-avamiseks-helista-1.jpg 1024w, https:\/\/www.melkerbaltik.eu\/wp-content\/uploads\/2022\/07\/Varava-avamiseks-helista-1-600x450.jpg 600w, https:\/\/www.melkerbaltik.eu\/wp-content\/uploads\/2022\/07\/Varava-avamiseks-helista-1-139x104.jpg 139w, https:\/\/www.melkerbaltik.eu\/wp-content\/uploads\/2022\/07\/Varava-avamiseks-helista-1-768x576.jpg 768w\" sizes=\"auto, (max-width: 1024px) 100vw, 1024px\" \/><\/div><\/a><\/div><\/div>\n\n\t<div class=\"wpb_text_column \">\n\t\t<div class=\"wpb_wrapper\">\n\t\t\t<h4><strong>In Tartu<\/strong><strong><br \/>\nRingtee 43D\/1, Ropka 50104<\/strong><\/h4>\n<p>&nbsp;<\/p>\n\n\t\t<\/div>\n\t<\/div>\n<div class=\"g-cols wpb_row type_default valign_top vc_inner \"><div class=\"vc_col-sm-12 wpb_column vc_column_container\"><div class=\"vc_column-inner\"><div class=\"wpb_wrapper\"><div class=\"w-image\"><div class=\"w-image-h\"><img loading=\"lazy\" decoding=\"async\" width=\"1024\" height=\"768\" src=\"https:\/\/www.melkerbaltik.eu\/wp-content\/uploads\/2025\/11\/ringtee-1.jpg\" class=\"attachment-large size-large\" alt=\"\" srcset=\"https:\/\/www.melkerbaltik.eu\/wp-content\/uploads\/2025\/11\/ringtee-1.jpg 1024w, https:\/\/www.melkerbaltik.eu\/wp-content\/uploads\/2025\/11\/ringtee-1-139x104.jpg 139w, https:\/\/www.melkerbaltik.eu\/wp-content\/uploads\/2025\/11\/ringtee-1-768x576.jpg 768w, https:\/\/www.melkerbaltik.eu\/wp-content\/uploads\/2025\/11\/ringtee-1-600x450.jpg 600w\" sizes=\"auto, (max-width: 1024px) 100vw, 1024px\" \/><\/div><\/div><\/div><\/div><\/div><\/div><div class=\"w-image\"><div class=\"w-image-h\"><img loading=\"lazy\" decoding=\"async\" width=\"1024\" height=\"768\" src=\"https:\/\/www.melkerbaltik.eu\/wp-content\/uploads\/2025\/11\/ringtee2.jpg\" class=\"attachment-large size-large\" alt=\"\" srcset=\"https:\/\/www.melkerbaltik.eu\/wp-content\/uploads\/2025\/11\/ringtee2.jpg 1024w, https:\/\/www.melkerbaltik.eu\/wp-content\/uploads\/2025\/11\/ringtee2-139x104.jpg 139w, https:\/\/www.melkerbaltik.eu\/wp-content\/uploads\/2025\/11\/ringtee2-768x576.jpg 768w, https:\/\/www.melkerbaltik.eu\/wp-content\/uploads\/2025\/11\/ringtee2-600x450.jpg 600w\" sizes=\"auto, (max-width: 1024px) 100vw, 1024px\" \/><\/div><\/div><\/div><\/div><\/div><div class=\"vc_col-sm-3 wpb_column vc_column_container\"><div class=\"vc_column-inner\"><div class=\"wpb_wrapper\">\n\t<div class=\"wpb_text_column \">\n\t\t<div class=\"wpb_wrapper\">\n\t\t\t<h4><strong>Contact us<\/strong><\/h4>\n\n\t\t<\/div>\n\t<\/div>\n\n<div class=\"wpcf7 no-js\" id=\"wpcf7-f1133-o1\" lang=\"et\" dir=\"ltr\" data-wpcf7-id=\"1133\">\n<div class=\"screen-reader-response\"><p role=\"status\" aria-live=\"polite\" aria-atomic=\"true\"><\/p> <ul><\/ul><\/div>\n<form action=\"\/en\/wp-json\/wp\/v2\/pages\/9781#wpcf7-f1133-o1\" method=\"post\" class=\"wpcf7-form init\" aria-label=\"Contact form\" novalidate=\"novalidate\" data-status=\"init\">\n<fieldset class=\"hidden-fields-container\"><input type=\"hidden\" name=\"_wpcf7\" value=\"1133\" \/><input type=\"hidden\" name=\"_wpcf7_version\" value=\"6.1.4\" \/><input type=\"hidden\" name=\"_wpcf7_locale\" value=\"et\" \/><input type=\"hidden\" name=\"_wpcf7_unit_tag\" value=\"wpcf7-f1133-o1\" \/><input type=\"hidden\" name=\"_wpcf7_container_post\" value=\"0\" \/><input type=\"hidden\" name=\"_wpcf7_posted_data_hash\" value=\"\" \/><input type=\"hidden\" name=\"_wpcf7_recaptcha_response\" value=\"\" \/>\n<\/fieldset>\n<p><label><span>Your name<\/span><br \/>\n<span class=\"wpcf7-form-control-wrap\" data-name=\"your-name\"><input size=\"40\" maxlength=\"400\" class=\"wpcf7-form-control wpcf7-text wpcf7-validates-as-required\" aria-required=\"true\" aria-invalid=\"false\" placeholder=\"Name\" value=\"\" type=\"text\" name=\"your-name\" \/><\/span> <\/label>\n<\/p>\n<p><label><span>Your e-mail<\/span><br \/>\n<span class=\"wpcf7-form-control-wrap\" data-name=\"your-email\"><input size=\"40\" maxlength=\"400\" class=\"wpcf7-form-control wpcf7-email wpcf7-validates-as-required wpcf7-text wpcf7-validates-as-email\" aria-required=\"true\" aria-invalid=\"false\" placeholder=\"E-mail\" value=\"\" type=\"email\" name=\"your-email\" \/><\/span> <\/label>\n<\/p>\n<p><label><span>Your phone<\/span><br \/>\n<span class=\"wpcf7-form-control-wrap\" data-name=\"Yourphone\"><input size=\"40\" maxlength=\"400\" class=\"wpcf7-form-control wpcf7-tel wpcf7-validates-as-required wpcf7-text wpcf7-validates-as-tel\" aria-required=\"true\" aria-invalid=\"false\" placeholder=\"Phone\" value=\"\" type=\"tel\" name=\"Yourphone\" \/><\/span><\/label>\n<\/p>\n<p><label><span>Your message<\/span><br \/>\n<span class=\"wpcf7-form-control-wrap\" data-name=\"your-message\"><textarea cols=\"40\" rows=\"10\" maxlength=\"2000\" class=\"wpcf7-form-control wpcf7-textarea\" aria-invalid=\"false\" placeholder=\"Message\" name=\"your-message\"><\/textarea><\/span> <\/label>\n<\/p>\n<p><input class=\"wpcf7-form-control wpcf7-submit has-spinner\" type=\"submit\" value=\"Send\" \/>\n<\/p><div class=\"wpcf7-response-output\" aria-hidden=\"true\"><\/div>\n<\/form>\n<\/div>\n<\/div><\/div><\/div><\/div><\/div><\/section>\n","protected":false},"excerpt":{"rendered":"Melker Baltik O\u00dc Tallinn: \u00c4mma tee 75 74206 Iru Phone: +372 56 222 442 Tartu (New address): Ringtee 43D\/1 , Ropka 50104 E-mail: melker (\u00e4t) melkerbaltik.eu For YANMAR spare parts: varuosad (\u00e4t) melkerbaltik.eu Project Managers Aleksei S\u00e4rki aleksei.sarki (\u00e4t) melkerbaltik.eu +372 5503 803 Alex N\u00f5omaa alex (\u00e4t) melkerbaltik.eu +372 5235 018 In Tallinn In Tartu...","protected":false},"author":1,"featured_media":0,"parent":0,"menu_order":0,"comment_status":"closed","ping_status":"closed","template":"","meta":{"_acf_changed":false,"footnotes":""},"class_list":["post-9781","page","type-page","status-publish","hentry"],"acf":[],"_links":{"self":[{"href":"https:\/\/www.melkerbaltik.eu\/en\/wp-json\/wp\/v2\/pages\/9781","targetHints":{"allow":["GET"]}}],"collection":[{"href":"https:\/\/www.melkerbaltik.eu\/en\/wp-json\/wp\/v2\/pages"}],"about":[{"href":"https:\/\/www.melkerbaltik.eu\/en\/wp-json\/wp\/v2\/types\/page"}],"author":[{"embeddable":true,"href":"https:\/\/www.melkerbaltik.eu\/en\/wp-json\/wp\/v2\/users\/1"}],"replies":[{"embeddable":true,"href":"https:\/\/www.melkerbaltik.eu\/en\/wp-json\/wp\/v2\/comments?post=9781"}],"version-history":[{"count":46,"href":"https:\/\/www.melkerbaltik.eu\/en\/wp-json\/wp\/v2\/pages\/9781\/revisions"}],"predecessor-version":[{"id":32447,"href":"https:\/\/www.melkerbaltik.eu\/en\/wp-json\/wp\/v2\/pages\/9781\/revisions\/32447"}],"wp:attachment":[{"href":"https:\/\/www.melkerbaltik.eu\/en\/wp-json\/wp\/v2\/media?parent=9781"}],"curies":[{"name":"wp","href":"https:\/\/api.w.org\/{rel}","templated":true}]}}